{"id":140591,"date":"2024-12-06T16:39:23","date_gmt":"2024-12-07T10:53:21","guid":{"rendered":"https:\/\/kingarms.ee\/product\/dekoratyvinis-kardas-zs187\/"},"modified":"2024-12-07T13:53:21","modified_gmt":"2024-12-07T10:53:21","slug":"dekoratyvinis-sword-zs187","status":"publish","type":"product","link":"https:\/\/kingarms.ee\/lt\/product\/dekoratyvinis-sword-zs187\/","title":{"rendered":"Dekoratyvinis kardas (ZS187)"},"content":{"rendered":"<p>Dekoratyvinis kardas (ZS187)<\/p>\n<p>Dekoratyvinis kardas<br \/>\n\u012ekv\u0117ptas \u201eAlterai\u201c kardo<br \/>\n\u201eAssasss\u201c \u012fsitikinim\u0173 serija<br \/>\nPlieninis a\u0161menys<br \/>\nDengta medin\u0117 rankena<br \/>\nMetalin\u0117 apsauga ir ranken\u0117l\u0117<br \/>\nMedinis \u0161ukas su metalo apdailai<br \/>\nA\u0161men\u0173 ilgis 700 mm<br \/>\nBendras ilgis 890 mm (960 mm su \u0161a\u0161lyku)<br \/>\nSvoris 765 g (1325 g su Scabbard)<\/p>\n<p>Ne a\u0161triau ir nery\u0161kus a\u0161menis<\/p>\n","protected":false},"excerpt":{"rendered":"<p>Dekoratyvinis kardas (ZS187) Dekoratyvinis kardas \u012ekv\u0117ptas \u201eAlterai\u201c kardo \u201eAssasss\u201c \u012fsitikinim\u0173 serija Plieninis a\u0161menys Dengta medin\u0117 rankena Metalin\u0117 apsauga ir ranken\u0117l\u0117<\/p>\n","protected":false},"featured_media":139297,"template":"","meta":{"_acf_changed":false},"product_brand":[],"product_cat":[1312,1247],"product_tag":[],"class_list":{"0":"post-140591","1":"product","2":"type-product","3":"status-publish","4":"has-post-thumbnail","6":"product_cat-kardai","7":"product_cat-kita","9":"first","10":"instock","11":"purchasable","12":"product-type-simple"},"acf":[],"_links":{"self":[{"href":"https:\/\/kingarms.ee\/lt\/wp-json\/wp\/v2\/product\/140591","targetHints":{"allow":["GET"]}}],"collection":[{"href":"https:\/\/kingarms.ee\/lt\/wp-json\/wp\/v2\/product"}],"about":[{"href":"https:\/\/kingarms.ee\/lt\/wp-json\/wp\/v2\/types\/product"}],"wp:featuredmedia":[{"embeddable":true,"href":"https:\/\/kingarms.ee\/lt\/wp-json\/wp\/v2\/media\/139297"}],"wp:attachment":[{"href":"https:\/\/kingarms.ee\/lt\/wp-json\/wp\/v2\/media?parent=140591"}],"wp:term":[{"taxonomy":"product_brand","embeddable":true,"href":"https:\/\/kingarms.ee\/lt\/wp-json\/wp\/v2\/product_brand?post=140591"},{"taxonomy":"product_cat","embeddable":true,"href":"https:\/\/kingarms.ee\/lt\/wp-json\/wp\/v2\/product_cat?post=140591"},{"taxonomy":"product_tag","embeddable":true,"href":"https:\/\/kingarms.ee\/lt\/wp-json\/wp\/v2\/product_tag?post=140591"}],"curies":[{"name":"wp","href":"https:\/\/api.w.org\/{rel}","templated":true}]}}