{"id":140612,"date":"2024-12-06T16:39:23","date_gmt":"2024-12-07T11:51:01","guid":{"rendered":"https:\/\/kingarms.ee\/product\/dekoratyvus-kardas-by-053cu\/"},"modified":"2024-12-07T14:51:01","modified_gmt":"2024-12-07T11:51:01","slug":"dekoratyvinis-zodis-pagal-053cu","status":"publish","type":"product","link":"https:\/\/kingarms.ee\/lt\/product\/dekoratyvinis-zodis-pagal-053cu\/","title":{"rendered":"Dekoratyvus kardas (BY-053CU)"},"content":{"rendered":"<p>Dekoratyvus kardas (BY-053CU)<\/p>\n<p>Dekoratyvinis kardas<br \/>\n\u012ekv\u0117ptas Baliano kardo i\u0161 Dangaus Karalyst\u0117s filmo<br \/>\nPlieninis a\u0161menys<br \/>\nPlastikin\u0117 pakaba su metalin\u0117mis dalimis<br \/>\nLeatherette u\u017edengtas plastikinis \u0161a\u0161as su metalin\u0117mis dalimis<br \/>\nBendras ilgis 1147 mm (1165 mm su Scabbard)<br \/>\nA\u0161men\u0173 ilgis 90 mm<br \/>\nSvoris 1145 g (1515 g su Scabbard)<\/p>\n<p>Nery\u0161kus ir nepamir\u0161tas a\u0161menys, tik dekoratyviniams tikslams<\/p>\n","protected":false},"excerpt":{"rendered":"<p>Dekoratyvus kardas (BY-053CU) Dekoratyvinis kardas \u012ekv\u0117ptas Baliano kardo i\u0161 Dangaus Karalyst\u0117s filmo Plieninis a\u0161menys Plastikin\u0117 pakaba su metalin\u0117mis dalimis Leatherette<\/p>\n","protected":false},"featured_media":138871,"template":"","meta":{"_acf_changed":false},"product_brand":[],"product_cat":[1312,1247],"product_tag":[],"class_list":{"0":"post-140612","1":"product","2":"type-product","3":"status-publish","4":"has-post-thumbnail","6":"product_cat-kardai","7":"product_cat-kita","9":"first","10":"instock","11":"purchasable","12":"product-type-simple"},"acf":[],"_links":{"self":[{"href":"https:\/\/kingarms.ee\/lt\/wp-json\/wp\/v2\/product\/140612","targetHints":{"allow":["GET"]}}],"collection":[{"href":"https:\/\/kingarms.ee\/lt\/wp-json\/wp\/v2\/product"}],"about":[{"href":"https:\/\/kingarms.ee\/lt\/wp-json\/wp\/v2\/types\/product"}],"wp:featuredmedia":[{"embeddable":true,"href":"https:\/\/kingarms.ee\/lt\/wp-json\/wp\/v2\/media\/138871"}],"wp:attachment":[{"href":"https:\/\/kingarms.ee\/lt\/wp-json\/wp\/v2\/media?parent=140612"}],"wp:term":[{"taxonomy":"product_brand","embeddable":true,"href":"https:\/\/kingarms.ee\/lt\/wp-json\/wp\/v2\/product_brand?post=140612"},{"taxonomy":"product_cat","embeddable":true,"href":"https:\/\/kingarms.ee\/lt\/wp-json\/wp\/v2\/product_cat?post=140612"},{"taxonomy":"product_tag","embeddable":true,"href":"https:\/\/kingarms.ee\/lt\/wp-json\/wp\/v2\/product_tag?post=140612"}],"curies":[{"name":"wp","href":"https:\/\/api.w.org\/{rel}","templated":true}]}}