{"id":140615,"date":"2024-12-06T16:39:23","date_gmt":"2024-12-07T11:51:01","guid":{"rendered":"https:\/\/kingarms.ee\/product\/dekoratyvinis-fantazijos-kardas-033cs\/"},"modified":"2024-12-07T14:51:01","modified_gmt":"2024-12-07T11:51:01","slug":"dekoratyvinis-fantazijos-sword-033cs","status":"publish","type":"product","link":"https:\/\/kingarms.ee\/lt\/product\/dekoratyvinis-fantazijos-sword-033cs\/","title":{"rendered":"Dekoratyvinis fantazijos kardas (033cs)"},"content":{"rendered":"<p>Dekoratyvinis fantazijos kardas (033cs)<\/p>\n<p>Dekoratyvinis fantazijos kardas<br \/>\n\u012ekv\u0117ptas andurilo kard\u0173 i\u0161 Aragono i\u0161 \u017died\u0173 valdovo<br \/>\nPlieninis a\u0161menys<br \/>\nMetalin\u0117 ir plastikin\u0117 pakaba<br \/>\nPridedamas medinis sienos stovas<br \/>\nA\u0161men\u0173 ilgis 110 cm<br \/>\nBendras ilgis 132 cm<br \/>\nStendo matmenys 43 cm x 22cm x 1,7cm (svoris 790 g)<br \/>\nSvoris 1900G<\/p>\n<p>Ne a\u0161triau ir nery\u0161kus a\u0161menis<\/p>\n","protected":false},"excerpt":{"rendered":"<p>Dekoratyvinis fantazijos kardas (033cs) Dekoratyvinis fantazijos kardas \u012ekv\u0117ptas andurilo kard\u0173 i\u0161 Aragono i\u0161 \u017died\u0173 valdovo Plieninis a\u0161menys Metalin\u0117 ir plastikin\u0117<\/p>\n","protected":false},"featured_media":138799,"template":"","meta":{"_acf_changed":false},"product_brand":[],"product_cat":[1312,1247],"product_tag":[],"class_list":{"0":"post-140615","1":"product","2":"type-product","3":"status-publish","4":"has-post-thumbnail","6":"product_cat-kardai","7":"product_cat-kita","9":"first","10":"instock","11":"purchasable","12":"product-type-simple"},"acf":[],"_links":{"self":[{"href":"https:\/\/kingarms.ee\/lt\/wp-json\/wp\/v2\/product\/140615","targetHints":{"allow":["GET"]}}],"collection":[{"href":"https:\/\/kingarms.ee\/lt\/wp-json\/wp\/v2\/product"}],"about":[{"href":"https:\/\/kingarms.ee\/lt\/wp-json\/wp\/v2\/types\/product"}],"wp:featuredmedia":[{"embeddable":true,"href":"https:\/\/kingarms.ee\/lt\/wp-json\/wp\/v2\/media\/138799"}],"wp:attachment":[{"href":"https:\/\/kingarms.ee\/lt\/wp-json\/wp\/v2\/media?parent=140615"}],"wp:term":[{"taxonomy":"product_brand","embeddable":true,"href":"https:\/\/kingarms.ee\/lt\/wp-json\/wp\/v2\/product_brand?post=140615"},{"taxonomy":"product_cat","embeddable":true,"href":"https:\/\/kingarms.ee\/lt\/wp-json\/wp\/v2\/product_cat?post=140615"},{"taxonomy":"product_tag","embeddable":true,"href":"https:\/\/kingarms.ee\/lt\/wp-json\/wp\/v2\/product_tag?post=140615"}],"curies":[{"name":"wp","href":"https:\/\/api.w.org\/{rel}","templated":true}]}}