{"id":140622,"date":"2024-12-06T16:39:23","date_gmt":"2024-12-07T11:51:03","guid":{"rendered":"https:\/\/kingarms.ee\/product\/dekoratyvinis-fantazijos-kardas-su-isgraviruotu-asmenimis-033cu\/"},"modified":"2024-12-07T14:51:03","modified_gmt":"2024-12-07T11:51:03","slug":"dekoratyvinis-fantastinis-sword-su-graviruotas-asmenys-033cu","status":"publish","type":"product","link":"https:\/\/kingarms.ee\/lt\/product\/dekoratyvinis-fantastinis-sword-su-graviruotas-asmenys-033cu\/","title":{"rendered":"Dekoratyvinis fantazijos kardas su i\u0161graviruotu a\u0161menimis (033CU)"},"content":{"rendered":"<p>Dekoratyvinis fantazijos kardas su i\u0161graviruotu a\u0161menimis (033CU)<\/p>\n<p>Dekoratyvinis fantazijos kardas<br \/>\nA\u0161menys su gravi\u016bromis<br \/>\n\u012ekv\u0117ptas Narsilo Sword i\u0161 Aragono i\u0161 \u017died\u0173 valdovo<br \/>\nPlieninis a\u0161menys<br \/>\nMedinis \u0161a\u0161as, padengtas oda su metalin\u0117mis dalimis<br \/>\nMetalin\u0117 pakaba su dalimi, padengta oda<br \/>\nBendras ilgis 119 cm (130 cm su Scabbard)<br \/>\nA\u0161men\u0173 ilgis 90 cm<br \/>\nSvoris 1750 g (su \u201eScabbard 2450G\u201c)<\/p>\n<p>Ne a\u0161triau ir nery\u0161kus a\u0161menis<\/p>\n","protected":false},"excerpt":{"rendered":"<p>Dekoratyvinis fantazijos kardas su i\u0161graviruotu a\u0161menimis (033CU) Dekoratyvinis fantazijos kardas A\u0161menys su gravi\u016bromis \u012ekv\u0117ptas Narsilo Sword i\u0161 Aragono i\u0161 \u017died\u0173<\/p>\n","protected":false},"featured_media":138805,"template":"","meta":{"_acf_changed":false},"product_brand":[],"product_cat":[1312,1247],"product_tag":[],"class_list":{"0":"post-140622","1":"product","2":"type-product","3":"status-publish","4":"has-post-thumbnail","6":"product_cat-kardai","7":"product_cat-kita","9":"first","10":"instock","11":"purchasable","12":"product-type-simple"},"acf":[],"_links":{"self":[{"href":"https:\/\/kingarms.ee\/lt\/wp-json\/wp\/v2\/product\/140622","targetHints":{"allow":["GET"]}}],"collection":[{"href":"https:\/\/kingarms.ee\/lt\/wp-json\/wp\/v2\/product"}],"about":[{"href":"https:\/\/kingarms.ee\/lt\/wp-json\/wp\/v2\/types\/product"}],"wp:featuredmedia":[{"embeddable":true,"href":"https:\/\/kingarms.ee\/lt\/wp-json\/wp\/v2\/media\/138805"}],"wp:attachment":[{"href":"https:\/\/kingarms.ee\/lt\/wp-json\/wp\/v2\/media?parent=140622"}],"wp:term":[{"taxonomy":"product_brand","embeddable":true,"href":"https:\/\/kingarms.ee\/lt\/wp-json\/wp\/v2\/product_brand?post=140622"},{"taxonomy":"product_cat","embeddable":true,"href":"https:\/\/kingarms.ee\/lt\/wp-json\/wp\/v2\/product_cat?post=140622"},{"taxonomy":"product_tag","embeddable":true,"href":"https:\/\/kingarms.ee\/lt\/wp-json\/wp\/v2\/product_tag?post=140622"}],"curies":[{"name":"wp","href":"https:\/\/api.w.org\/{rel}","templated":true}]}}