{"id":140633,"date":"2024-12-06T16:39:23","date_gmt":"2024-12-07T11:51:05","guid":{"rendered":"https:\/\/kingarms.ee\/product\/dekoratyvinis-fantazijos-kardas-zs585\/"},"modified":"2024-12-07T14:54:08","modified_gmt":"2024-12-07T11:54:08","slug":"dekoratyvinis-fantastinis-sword-zs585","status":"publish","type":"product","link":"https:\/\/kingarms.ee\/lt\/product\/dekoratyvinis-fantastinis-sword-zs585\/","title":{"rendered":"Dekoratyvinis fantazijos kardas (ZS585)"},"content":{"rendered":"<p>Dekoratyvinis fantazijos kardas (ZS585)<\/p>\n<p>Dekoratyvinis fantazijos kardas<br \/>\n\u012ekv\u0117ptas Linko meistro kardo<br \/>\nLegenda apie Zeld\u0105<br \/>\nOdos dengta medin\u0117 rankena<br \/>\nPlieninis a\u0161menys<br \/>\nMedinis \u0161a\u0161lykas<br \/>\nMetalin\u0117 apsauga ir ranken\u0117l\u0117<br \/>\nBendras ilgis 1090 mm (1270 mm su \u0161a\u0161lyku)<br \/>\nA\u0161men\u0173 ilgis 750 mm<br \/>\nSvoris 1320 g (1775 g su \u0161a\u0161lyku)<\/p>\n<p>Ne a\u0161triau ir nery\u0161kus a\u0161menis<\/p>\n","protected":false},"excerpt":{"rendered":"<p>Dekoratyvinis fantazijos kardas (ZS585) Dekoratyvinis fantazijos kardas \u012ekv\u0117ptas Linko meistro kardo Legenda apie Zeld\u0105 Odos dengta medin\u0117 rankena Plieninis a\u0161menys<\/p>\n","protected":false},"featured_media":139465,"template":"","meta":{"_acf_changed":false},"product_brand":[],"product_cat":[1312,1247],"product_tag":[],"class_list":{"0":"post-140633","1":"product","2":"type-product","3":"status-publish","4":"has-post-thumbnail","6":"product_cat-kardai","7":"product_cat-kita","9":"first","10":"instock","11":"purchasable","12":"product-type-simple"},"acf":[],"_links":{"self":[{"href":"https:\/\/kingarms.ee\/lt\/wp-json\/wp\/v2\/product\/140633","targetHints":{"allow":["GET"]}}],"collection":[{"href":"https:\/\/kingarms.ee\/lt\/wp-json\/wp\/v2\/product"}],"about":[{"href":"https:\/\/kingarms.ee\/lt\/wp-json\/wp\/v2\/types\/product"}],"wp:featuredmedia":[{"embeddable":true,"href":"https:\/\/kingarms.ee\/lt\/wp-json\/wp\/v2\/media\/139465"}],"wp:attachment":[{"href":"https:\/\/kingarms.ee\/lt\/wp-json\/wp\/v2\/media?parent=140633"}],"wp:term":[{"taxonomy":"product_brand","embeddable":true,"href":"https:\/\/kingarms.ee\/lt\/wp-json\/wp\/v2\/product_brand?post=140633"},{"taxonomy":"product_cat","embeddable":true,"href":"https:\/\/kingarms.ee\/lt\/wp-json\/wp\/v2\/product_cat?post=140633"},{"taxonomy":"product_tag","embeddable":true,"href":"https:\/\/kingarms.ee\/lt\/wp-json\/wp\/v2\/product_tag?post=140633"}],"curies":[{"name":"wp","href":"https:\/\/api.w.org\/{rel}","templated":true}]}}