{"id":140661,"date":"2024-12-06T16:39:05","date_gmt":"2024-12-07T12:20:24","guid":{"rendered":"https:\/\/kingarms.ee\/product\/dekoratyvinis-fantazijos-kardas-zs645\/"},"modified":"2024-12-07T15:20:24","modified_gmt":"2024-12-07T12:20:24","slug":"dekoratyvinis-fantazijos-sword-zs645","status":"publish","type":"product","link":"https:\/\/kingarms.ee\/lt\/product\/dekoratyvinis-fantazijos-sword-zs645\/","title":{"rendered":"Dekoratyvinis fantazijos kardas (ZS645)"},"content":{"rendered":"<p>Dekoratyvinis fantazijos kardas (ZS645)<\/p>\n<p>Dekoratyvinis fantazijos kardas<br \/>\n\u012ekv\u0117ptas Wei Wuxian kardo<br \/>\nFantazijos serija: Mo Dao Zu Shi (demoni\u0161ko auginimo senelis)<br \/>\nNer\u016bdijan\u010dio plieno a\u0161menys<br \/>\nMetalin\u0117 apsauga ir pommelis<br \/>\nMedinis \u0161a\u0161as ir rankena<br \/>\nBendras ilgis 1060 mm (1100 mm su \u0161a\u0161lyku)<br \/>\nA\u0161men\u0173 ilgis 770 mm<br \/>\nSvoris 970 g (1360 g su Scabbard)<\/p>\n<p>Nery\u0161kus ir nepamir\u0161tas a\u0161menys, tik dekoratyviniams tikslams<br \/>\nPrie\u0161 pirkdami patikrinkite savo \u0161alies reglament\u0105<\/p>\n","protected":false},"excerpt":{"rendered":"<p>Dekoratyvinis fantazijos kardas (ZS645) Dekoratyvinis fantazijos kardas \u012ekv\u0117ptas Wei Wuxian kardo Fantazijos serija: Mo Dao Zu Shi (demoni\u0161ko auginimo senelis)<\/p>\n","protected":false},"featured_media":139555,"template":"","meta":{"_acf_changed":false},"product_brand":[],"product_cat":[1312,1247],"product_tag":[],"class_list":{"0":"post-140661","1":"product","2":"type-product","3":"status-publish","4":"has-post-thumbnail","6":"product_cat-kardai","7":"product_cat-kita","9":"first","10":"instock","11":"purchasable","12":"product-type-simple"},"acf":[],"_links":{"self":[{"href":"https:\/\/kingarms.ee\/lt\/wp-json\/wp\/v2\/product\/140661","targetHints":{"allow":["GET"]}}],"collection":[{"href":"https:\/\/kingarms.ee\/lt\/wp-json\/wp\/v2\/product"}],"about":[{"href":"https:\/\/kingarms.ee\/lt\/wp-json\/wp\/v2\/types\/product"}],"wp:featuredmedia":[{"embeddable":true,"href":"https:\/\/kingarms.ee\/lt\/wp-json\/wp\/v2\/media\/139555"}],"wp:attachment":[{"href":"https:\/\/kingarms.ee\/lt\/wp-json\/wp\/v2\/media?parent=140661"}],"wp:term":[{"taxonomy":"product_brand","embeddable":true,"href":"https:\/\/kingarms.ee\/lt\/wp-json\/wp\/v2\/product_brand?post=140661"},{"taxonomy":"product_cat","embeddable":true,"href":"https:\/\/kingarms.ee\/lt\/wp-json\/wp\/v2\/product_cat?post=140661"},{"taxonomy":"product_tag","embeddable":true,"href":"https:\/\/kingarms.ee\/lt\/wp-json\/wp\/v2\/product_tag?post=140661"}],"curies":[{"name":"wp","href":"https:\/\/api.w.org\/{rel}","templated":true}]}}