{"id":140688,"date":"2024-12-06T16:39:05","date_gmt":"2024-12-07T13:27:16","guid":{"rendered":"https:\/\/kingarms.ee\/product\/dekoratyvinis-kardas-zs4018\/"},"modified":"2024-12-07T16:27:16","modified_gmt":"2024-12-07T13:27:16","slug":"dekoratyvinis-sword-zs4018","status":"publish","type":"product","link":"https:\/\/kingarms.ee\/lt\/product\/dekoratyvinis-sword-zs4018\/","title":{"rendered":"Dekoratyvinis kardas (ZS4018)"},"content":{"rendered":"<p>Dekoratyvinis kardas (ZS4018)<\/p>\n<p>Dekoratyvinis kardas<br \/>\n\u012ekv\u0117ptas \u201eGatsu&#8217;s Hawk Raider Sword\u201c<br \/>\n\u201eBerserk\u201c serija<br \/>\nDervos konstrukcija<br \/>\nA\u0161men\u0173 ilgis 935 mm<br \/>\nBendras ilgis 1200 mm<br \/>\nSvoris 1416 g<\/p>\n<p>Ne a\u0161triau ir nery\u0161kus a\u0161menis<\/p>\n","protected":false},"excerpt":{"rendered":"<p>Dekoratyvinis kardas (ZS4018) Dekoratyvinis kardas \u012ekv\u0117ptas \u201eGatsu&#8217;s Hawk Raider Sword\u201c \u201eBerserk\u201c serija Dervos konstrukcija A\u0161men\u0173 ilgis 935 mm Bendras ilgis<\/p>\n","protected":false},"featured_media":139795,"template":"","meta":{"_acf_changed":false},"product_brand":[],"product_cat":[1312,1247],"product_tag":[],"class_list":{"0":"post-140688","1":"product","2":"type-product","3":"status-publish","4":"has-post-thumbnail","6":"product_cat-kardai","7":"product_cat-kita","9":"first","10":"instock","11":"purchasable","12":"product-type-simple"},"acf":[],"_links":{"self":[{"href":"https:\/\/kingarms.ee\/lt\/wp-json\/wp\/v2\/product\/140688","targetHints":{"allow":["GET"]}}],"collection":[{"href":"https:\/\/kingarms.ee\/lt\/wp-json\/wp\/v2\/product"}],"about":[{"href":"https:\/\/kingarms.ee\/lt\/wp-json\/wp\/v2\/types\/product"}],"wp:featuredmedia":[{"embeddable":true,"href":"https:\/\/kingarms.ee\/lt\/wp-json\/wp\/v2\/media\/139795"}],"wp:attachment":[{"href":"https:\/\/kingarms.ee\/lt\/wp-json\/wp\/v2\/media?parent=140688"}],"wp:term":[{"taxonomy":"product_brand","embeddable":true,"href":"https:\/\/kingarms.ee\/lt\/wp-json\/wp\/v2\/product_brand?post=140688"},{"taxonomy":"product_cat","embeddable":true,"href":"https:\/\/kingarms.ee\/lt\/wp-json\/wp\/v2\/product_cat?post=140688"},{"taxonomy":"product_tag","embeddable":true,"href":"https:\/\/kingarms.ee\/lt\/wp-json\/wp\/v2\/product_tag?post=140688"}],"curies":[{"name":"wp","href":"https:\/\/api.w.org\/{rel}","templated":true}]}}