{"id":140694,"date":"2024-12-06T16:39:05","date_gmt":"2024-12-07T13:28:31","guid":{"rendered":"https:\/\/kingarms.ee\/product\/dekoratyviniai-durklai-zs147\/"},"modified":"2024-12-07T16:28:31","modified_gmt":"2024-12-07T13:28:31","slug":"dekoratyviniai-daggers-zs147","status":"publish","type":"product","link":"https:\/\/kingarms.ee\/lt\/product\/dekoratyviniai-daggers-zs147\/","title":{"rendered":"Dekoratyviniai durklai (ZS147)"},"content":{"rendered":"<p>Dekoratyviniai durklai (ZS147)<\/p>\n<p>Dekoratyviniai durklai<br \/>\n\u012ekv\u0117ptas \u201eKratos\u201c chaoso a\u0161men\u0173<br \/>\nKaro serija<br \/>\nPlieninis a\u0161menys<br \/>\nMetalin\u0117 rankena<br \/>\nPridedamas medinis sienos stovas<br \/>\nA\u0161men\u0173 ilgis 280 mm<br \/>\nBendras ilgis 440 mm<br \/>\nBendras svoris 2335 g<\/p>\n<p>Ne a\u0161triau ir nery\u0161kus a\u0161menis<\/p>\n","protected":false},"excerpt":{"rendered":"<p>Dekoratyviniai durklai (ZS147) Dekoratyviniai durklai \u012ekv\u0117ptas \u201eKratos\u201c chaoso a\u0161men\u0173 Karo serija Plieninis a\u0161menys Metalin\u0117 rankena Pridedamas medinis sienos stovas A\u0161men\u0173<\/p>\n","protected":false},"featured_media":139261,"template":"","meta":{"_acf_changed":false},"product_brand":[],"product_cat":[1312,1247],"product_tag":[],"class_list":{"0":"post-140694","1":"product","2":"type-product","3":"status-publish","4":"has-post-thumbnail","6":"product_cat-kardai","7":"product_cat-kita","9":"first","10":"instock","11":"purchasable","12":"product-type-simple"},"acf":[],"_links":{"self":[{"href":"https:\/\/kingarms.ee\/lt\/wp-json\/wp\/v2\/product\/140694","targetHints":{"allow":["GET"]}}],"collection":[{"href":"https:\/\/kingarms.ee\/lt\/wp-json\/wp\/v2\/product"}],"about":[{"href":"https:\/\/kingarms.ee\/lt\/wp-json\/wp\/v2\/types\/product"}],"wp:featuredmedia":[{"embeddable":true,"href":"https:\/\/kingarms.ee\/lt\/wp-json\/wp\/v2\/media\/139261"}],"wp:attachment":[{"href":"https:\/\/kingarms.ee\/lt\/wp-json\/wp\/v2\/media?parent=140694"}],"wp:term":[{"taxonomy":"product_brand","embeddable":true,"href":"https:\/\/kingarms.ee\/lt\/wp-json\/wp\/v2\/product_brand?post=140694"},{"taxonomy":"product_cat","embeddable":true,"href":"https:\/\/kingarms.ee\/lt\/wp-json\/wp\/v2\/product_cat?post=140694"},{"taxonomy":"product_tag","embeddable":true,"href":"https:\/\/kingarms.ee\/lt\/wp-json\/wp\/v2\/product_tag?post=140694"}],"curies":[{"name":"wp","href":"https:\/\/api.w.org\/{rel}","templated":true}]}}