{"id":140697,"date":"2024-12-06T16:39:05","date_gmt":"2024-12-07T13:28:32","guid":{"rendered":"https:\/\/kingarms.ee\/product\/dekoratyvinis-kardas-zs103\/"},"modified":"2024-12-07T16:28:32","modified_gmt":"2024-12-07T13:28:32","slug":"dekoratyvinis-sword-zs103","status":"publish","type":"product","link":"https:\/\/kingarms.ee\/lt\/product\/dekoratyvinis-sword-zs103\/","title":{"rendered":"Dekoratyvinis kardas (ZS103)"},"content":{"rendered":"<p>Dekoratyvinis kardas (ZS103)<\/p>\n<p>Dekoratyvinis kardas<br \/>\n\u012ekv\u0117ptas Galadrielio kardo<br \/>\nSerijos \u201eVie\u0161pats\u201c (galios \u017eiedai)<br \/>\nPlieninis a\u0161menys<br \/>\nMetalin\u0117 rankena, metalin\u0117 apsauga ir ranken\u0117l\u0117<br \/>\nMedinis \u0161a\u0161lykas su dir\u017eu pe\u010diai<br \/>\nA\u0161men\u0173 ilgis 730 mm<br \/>\nBendras ilgis 970 mm (1040 mm su \u0161a\u0161lyku)<br \/>\nSvoris 900 g (1460 g su \u0161a\u0161lyku)<\/p>\n<p>Ne a\u0161triau ir nery\u0161kus a\u0161menis<\/p>\n","protected":false},"excerpt":{"rendered":"<p>Dekoratyvinis kardas (ZS103) Dekoratyvinis kardas \u012ekv\u0117ptas Galadrielio kardo Serijos \u201eVie\u0161pats\u201c (galios \u017eiedai) Plieninis a\u0161menys Metalin\u0117 rankena, metalin\u0117 apsauga ir ranken\u0117l\u0117<\/p>\n","protected":false},"featured_media":139171,"template":"","meta":{"_acf_changed":false},"product_brand":[],"product_cat":[1312,1247],"product_tag":[],"class_list":{"0":"post-140697","1":"product","2":"type-product","3":"status-publish","4":"has-post-thumbnail","6":"product_cat-kardai","7":"product_cat-kita","9":"first","10":"instock","11":"purchasable","12":"product-type-simple"},"acf":[],"_links":{"self":[{"href":"https:\/\/kingarms.ee\/lt\/wp-json\/wp\/v2\/product\/140697","targetHints":{"allow":["GET"]}}],"collection":[{"href":"https:\/\/kingarms.ee\/lt\/wp-json\/wp\/v2\/product"}],"about":[{"href":"https:\/\/kingarms.ee\/lt\/wp-json\/wp\/v2\/types\/product"}],"wp:featuredmedia":[{"embeddable":true,"href":"https:\/\/kingarms.ee\/lt\/wp-json\/wp\/v2\/media\/139171"}],"wp:attachment":[{"href":"https:\/\/kingarms.ee\/lt\/wp-json\/wp\/v2\/media?parent=140697"}],"wp:term":[{"taxonomy":"product_brand","embeddable":true,"href":"https:\/\/kingarms.ee\/lt\/wp-json\/wp\/v2\/product_brand?post=140697"},{"taxonomy":"product_cat","embeddable":true,"href":"https:\/\/kingarms.ee\/lt\/wp-json\/wp\/v2\/product_cat?post=140697"},{"taxonomy":"product_tag","embeddable":true,"href":"https:\/\/kingarms.ee\/lt\/wp-json\/wp\/v2\/product_tag?post=140697"}],"curies":[{"name":"wp","href":"https:\/\/api.w.org\/{rel}","templated":true}]}}