{"id":140710,"date":"2024-12-06T16:39:05","date_gmt":"2024-12-07T13:31:23","guid":{"rendered":"https:\/\/kingarms.ee\/product\/dekoratyvinis-durklas-zs101\/"},"modified":"2024-12-07T16:31:23","modified_gmt":"2024-12-07T13:31:23","slug":"dekoratyvinis-daggeris-zs101","status":"publish","type":"product","link":"https:\/\/kingarms.ee\/lt\/product\/dekoratyvinis-daggeris-zs101\/","title":{"rendered":"Dekoratyvinis durklas (ZS101)"},"content":{"rendered":"<p>Dekoratyvinis durklas (ZS101)<\/p>\n<p>Dekoratyvinis kardas<br \/>\n\u012ekv\u0117ptas Galadrielio durklo<br \/>\n\u201eThe Ring Of The Ring\u201c serija (galios \u017eiedai)<br \/>\nPlieninis a\u0161menys<br \/>\nMetalin\u0117 rankena<br \/>\nOdinis \u0161ukas<br \/>\nPridedamas medinis stalo stovas<br \/>\nA\u0161men\u0173 ilgis 300 mm<br \/>\nBendras ilgis 465 mm (480 mm su \u0161a\u0161lyku)<br \/>\nSvoris 500 g (585 g su Scabbard)<\/p>\n<p>Ne a\u0161triau ir nery\u0161kus a\u0161menis<\/p>\n","protected":false},"excerpt":{"rendered":"<p>Dekoratyvinis durklas (ZS101) Dekoratyvinis kardas \u012ekv\u0117ptas Galadrielio durklo \u201eThe Ring Of The Ring\u201c serija (galios \u017eiedai) Plieninis a\u0161menys Metalin\u0117 rankena<\/p>\n","protected":false},"featured_media":139159,"template":"","meta":{"_acf_changed":false},"product_brand":[],"product_cat":[1312,1247],"product_tag":[],"class_list":{"0":"post-140710","1":"product","2":"type-product","3":"status-publish","4":"has-post-thumbnail","6":"product_cat-kardai","7":"product_cat-kita","9":"first","10":"instock","11":"purchasable","12":"product-type-simple"},"acf":[],"_links":{"self":[{"href":"https:\/\/kingarms.ee\/lt\/wp-json\/wp\/v2\/product\/140710","targetHints":{"allow":["GET"]}}],"collection":[{"href":"https:\/\/kingarms.ee\/lt\/wp-json\/wp\/v2\/product"}],"about":[{"href":"https:\/\/kingarms.ee\/lt\/wp-json\/wp\/v2\/types\/product"}],"wp:featuredmedia":[{"embeddable":true,"href":"https:\/\/kingarms.ee\/lt\/wp-json\/wp\/v2\/media\/139159"}],"wp:attachment":[{"href":"https:\/\/kingarms.ee\/lt\/wp-json\/wp\/v2\/media?parent=140710"}],"wp:term":[{"taxonomy":"product_brand","embeddable":true,"href":"https:\/\/kingarms.ee\/lt\/wp-json\/wp\/v2\/product_brand?post=140710"},{"taxonomy":"product_cat","embeddable":true,"href":"https:\/\/kingarms.ee\/lt\/wp-json\/wp\/v2\/product_cat?post=140710"},{"taxonomy":"product_tag","embeddable":true,"href":"https:\/\/kingarms.ee\/lt\/wp-json\/wp\/v2\/product_tag?post=140710"}],"curies":[{"name":"wp","href":"https:\/\/api.w.org\/{rel}","templated":true}]}}