{"id":140730,"date":"2024-12-06T16:39:05","date_gmt":"2024-12-07T14:18:47","guid":{"rendered":"https:\/\/kingarms.ee\/product\/dekoratyvinis-kardas-zs092\/"},"modified":"2024-12-07T17:18:47","modified_gmt":"2024-12-07T14:18:47","slug":"dekoratyvinis-sword-zs092","status":"publish","type":"product","link":"https:\/\/kingarms.ee\/lt\/product\/dekoratyvinis-sword-zs092\/","title":{"rendered":"Dekoratyvinis kardas (ZS092)"},"content":{"rendered":"<p>Dekoratyvinis kardas (ZS092)<\/p>\n<p>Dekoratyvinis kardas<br \/>\n\u012ekv\u0117ptas Valeriano Wrynn&#8217;s Shalamayne kardo<br \/>\n\u201eWorld of Warcraft\u201c serija<br \/>\nKard\u0105 sudaro dvi skirtingos ment\u0117s, kurias laiko magnetai<br \/>\nPlieninis a\u0161menys<br \/>\nDervos rankena<br \/>\n\u012etrauktas stalo stendas<br \/>\nA\u0161men\u0173 ilgis 710 mm ir 650 mm<br \/>\nBendras ilgis 1120 mm<br \/>\nSvoris 3980G<\/p>\n<p>Ne a\u0161triau ir nery\u0161kus a\u0161menis<\/p>\n","protected":false},"excerpt":{"rendered":"<p>Dekoratyvinis kardas (ZS092) Dekoratyvinis kardas \u012ekv\u0117ptas Valeriano Wrynn&#8217;s Shalamayne kardo \u201eWorld of Warcraft\u201c serija Kard\u0105 sudaro dvi skirtingos ment\u0117s, kurias<\/p>\n","protected":false},"featured_media":139117,"template":"","meta":{"_acf_changed":false},"product_brand":[],"product_cat":[1312,1247],"product_tag":[],"class_list":{"0":"post-140730","1":"product","2":"type-product","3":"status-publish","4":"has-post-thumbnail","6":"product_cat-kardai","7":"product_cat-kita","9":"first","10":"instock","11":"purchasable","12":"product-type-simple"},"acf":[],"_links":{"self":[{"href":"https:\/\/kingarms.ee\/lt\/wp-json\/wp\/v2\/product\/140730","targetHints":{"allow":["GET"]}}],"collection":[{"href":"https:\/\/kingarms.ee\/lt\/wp-json\/wp\/v2\/product"}],"about":[{"href":"https:\/\/kingarms.ee\/lt\/wp-json\/wp\/v2\/types\/product"}],"wp:featuredmedia":[{"embeddable":true,"href":"https:\/\/kingarms.ee\/lt\/wp-json\/wp\/v2\/media\/139117"}],"wp:attachment":[{"href":"https:\/\/kingarms.ee\/lt\/wp-json\/wp\/v2\/media?parent=140730"}],"wp:term":[{"taxonomy":"product_brand","embeddable":true,"href":"https:\/\/kingarms.ee\/lt\/wp-json\/wp\/v2\/product_brand?post=140730"},{"taxonomy":"product_cat","embeddable":true,"href":"https:\/\/kingarms.ee\/lt\/wp-json\/wp\/v2\/product_cat?post=140730"},{"taxonomy":"product_tag","embeddable":true,"href":"https:\/\/kingarms.ee\/lt\/wp-json\/wp\/v2\/product_tag?post=140730"}],"curies":[{"name":"wp","href":"https:\/\/api.w.org\/{rel}","templated":true}]}}