{"id":140752,"date":"2024-12-06T16:39:05","date_gmt":"2024-12-07T14:55:25","guid":{"rendered":"https:\/\/kingarms.ee\/product\/dekoratyvinis-kardas-zs085\/"},"modified":"2024-12-07T17:55:47","modified_gmt":"2024-12-07T14:55:47","slug":"dekoratyvinis-sword-zs085","status":"publish","type":"product","link":"https:\/\/kingarms.ee\/lt\/product\/dekoratyvinis-sword-zs085\/","title":{"rendered":"Dekoratyvinis kardas (ZS085)"},"content":{"rendered":"<p>Dekoratyvinis kardas (ZS085)<\/p>\n<p>Dekoratyvinis kardas<br \/>\n\u012ekv\u0117ptas Gandalfo \u201eBlu glamdring\u201c kardas<br \/>\nSerijos \u201e\u017died\u0173 valdovas\u201c<br \/>\nPlieninis a\u0161menys<br \/>\nMedin\u0117 rankena ir \u0161a\u0161lykas<br \/>\nMetalin\u0117 apsauga ir ranken\u0117l\u0117<br \/>\nA\u0161men\u0173 ilgis 890 mm<br \/>\nBendras ilgis 1170 mm (1260 mm su \u0161a\u0161lyku)<br \/>\nSvoris 1360G (1925G su Scabbard)<\/p>\n<p>Ne a\u0161triau ir nery\u0161kus a\u0161menis<\/p>\n","protected":false},"excerpt":{"rendered":"<p>Dekoratyvinis kardas (ZS085) Dekoratyvinis kardas \u012ekv\u0117ptas Gandalfo \u201eBlu glamdring\u201c kardas Serijos \u201e\u017died\u0173 valdovas\u201c Plieninis a\u0161menys Medin\u0117 rankena ir \u0161a\u0161lykas Metalin\u0117<\/p>\n","protected":false},"featured_media":139093,"template":"","meta":{"_acf_changed":false},"product_brand":[],"product_cat":[1312,1247],"product_tag":[],"class_list":{"0":"post-140752","1":"product","2":"type-product","3":"status-publish","4":"has-post-thumbnail","6":"product_cat-kardai","7":"product_cat-kita","9":"first","10":"instock","11":"purchasable","12":"product-type-simple"},"acf":[],"_links":{"self":[{"href":"https:\/\/kingarms.ee\/lt\/wp-json\/wp\/v2\/product\/140752","targetHints":{"allow":["GET"]}}],"collection":[{"href":"https:\/\/kingarms.ee\/lt\/wp-json\/wp\/v2\/product"}],"about":[{"href":"https:\/\/kingarms.ee\/lt\/wp-json\/wp\/v2\/types\/product"}],"wp:featuredmedia":[{"embeddable":true,"href":"https:\/\/kingarms.ee\/lt\/wp-json\/wp\/v2\/media\/139093"}],"wp:attachment":[{"href":"https:\/\/kingarms.ee\/lt\/wp-json\/wp\/v2\/media?parent=140752"}],"wp:term":[{"taxonomy":"product_brand","embeddable":true,"href":"https:\/\/kingarms.ee\/lt\/wp-json\/wp\/v2\/product_brand?post=140752"},{"taxonomy":"product_cat","embeddable":true,"href":"https:\/\/kingarms.ee\/lt\/wp-json\/wp\/v2\/product_cat?post=140752"},{"taxonomy":"product_tag","embeddable":true,"href":"https:\/\/kingarms.ee\/lt\/wp-json\/wp\/v2\/product_tag?post=140752"}],"curies":[{"name":"wp","href":"https:\/\/api.w.org\/{rel}","templated":true}]}}