{"id":140760,"date":"2024-12-06T16:38:47","date_gmt":"2024-12-07T14:59:08","guid":{"rendered":"https:\/\/kingarms.ee\/product\/fantazijos-dekoratyvinis-durklas-zs8230\/"},"modified":"2024-12-07T17:59:08","modified_gmt":"2024-12-07T14:59:08","slug":"fantasy-fornamental-dagger-zs8230","status":"publish","type":"product","link":"https:\/\/kingarms.ee\/lt\/product\/fantasy-fornamental-dagger-zs8230\/","title":{"rendered":"Fantazijos dekoratyvinis durklas (ZS8230)"},"content":{"rendered":"<p>Fantazijos dekoratyvinis durklas (ZS8230)<\/p>\n<p>Fantazijos dekoratyvinis durklas (ZS8230)<br \/>\n\u012ekv\u0117ptas Geralto Di Rivijos durklo<br \/>\n\u201eWitcher\u201c serija<br \/>\nPlieninis a\u0161menys<br \/>\nPlastikinis ir metalinis rankena ir \u0161a\u0161lykas<br \/>\nA\u0161men\u0173 ilgis 240 mm<br \/>\nBendras ilgis 365 mm (400 mm su \u0161a\u0161lyku)<br \/>\n180 g svoris (250 g su \u0161a\u0161lyku)<\/p>\n<p>Nekora<br \/>\nPrie\u0161 pirkdami patikrinkite savo \u0161alies reglament\u0105<\/p>\n","protected":false},"excerpt":{"rendered":"<p>Fantazijos dekoratyvinis durklas (ZS8230) Fantazijos dekoratyvinis durklas (ZS8230) \u012ekv\u0117ptas Geralto Di Rivijos durklo \u201eWitcher\u201c serija Plieninis a\u0161menys Plastikinis ir metalinis<\/p>\n","protected":false},"featured_media":139945,"template":"","meta":{"_acf_changed":false},"product_brand":[],"product_cat":[1312,1247],"product_tag":[],"class_list":{"0":"post-140760","1":"product","2":"type-product","3":"status-publish","4":"has-post-thumbnail","6":"product_cat-kardai","7":"product_cat-kita","9":"first","10":"instock","11":"purchasable","12":"product-type-simple"},"acf":[],"_links":{"self":[{"href":"https:\/\/kingarms.ee\/lt\/wp-json\/wp\/v2\/product\/140760","targetHints":{"allow":["GET"]}}],"collection":[{"href":"https:\/\/kingarms.ee\/lt\/wp-json\/wp\/v2\/product"}],"about":[{"href":"https:\/\/kingarms.ee\/lt\/wp-json\/wp\/v2\/types\/product"}],"wp:featuredmedia":[{"embeddable":true,"href":"https:\/\/kingarms.ee\/lt\/wp-json\/wp\/v2\/media\/139945"}],"wp:attachment":[{"href":"https:\/\/kingarms.ee\/lt\/wp-json\/wp\/v2\/media?parent=140760"}],"wp:term":[{"taxonomy":"product_brand","embeddable":true,"href":"https:\/\/kingarms.ee\/lt\/wp-json\/wp\/v2\/product_brand?post=140760"},{"taxonomy":"product_cat","embeddable":true,"href":"https:\/\/kingarms.ee\/lt\/wp-json\/wp\/v2\/product_cat?post=140760"},{"taxonomy":"product_tag","embeddable":true,"href":"https:\/\/kingarms.ee\/lt\/wp-json\/wp\/v2\/product_tag?post=140760"}],"curies":[{"name":"wp","href":"https:\/\/api.w.org\/{rel}","templated":true}]}}