{"id":140802,"date":"2024-12-06T16:38:47","date_gmt":"2024-12-07T16:02:37","guid":{"rendered":"https:\/\/kingarms.ee\/product\/dekoratyvinis-romenu-durklas-p648w\/"},"modified":"2024-12-07T19:02:37","modified_gmt":"2024-12-07T16:02:37","slug":"dekoratyvinis-romenu-daggeris-p648w","status":"publish","type":"product","link":"https:\/\/kingarms.ee\/lt\/product\/dekoratyvinis-romenu-daggeris-p648w\/","title":{"rendered":"Dekoratyvinis rom\u0117n\u0173 durklas (P648W)"},"content":{"rendered":"<p>Dekoratyvinis rom\u0117n\u0173 durklas (P648W)<\/p>\n<p>Dekoratyvinis rom\u0117n\u0173 durklas<br \/>\nBendras Lenght 800 mm<br \/>\nLenght Blade 580mm<br \/>\n\u012ed\u0117klai reljefu<br \/>\nMediena<\/p>\n","protected":false},"excerpt":{"rendered":"<p>Dekoratyvinis rom\u0117n\u0173 durklas (P648W) Dekoratyvinis rom\u0117n\u0173 durklas Bendras Lenght 800 mm Lenght Blade 580mm \u012ed\u0117klai reljefu Mediena<\/p>\n","protected":false},"featured_media":138997,"template":"","meta":{"_acf_changed":false},"product_brand":[],"product_cat":[1312,1247],"product_tag":[],"class_list":{"0":"post-140802","1":"product","2":"type-product","3":"status-publish","4":"has-post-thumbnail","6":"product_cat-kardai","7":"product_cat-kita","9":"first","10":"instock","11":"purchasable","12":"product-type-simple"},"acf":[],"_links":{"self":[{"href":"https:\/\/kingarms.ee\/lt\/wp-json\/wp\/v2\/product\/140802","targetHints":{"allow":["GET"]}}],"collection":[{"href":"https:\/\/kingarms.ee\/lt\/wp-json\/wp\/v2\/product"}],"about":[{"href":"https:\/\/kingarms.ee\/lt\/wp-json\/wp\/v2\/types\/product"}],"wp:featuredmedia":[{"embeddable":true,"href":"https:\/\/kingarms.ee\/lt\/wp-json\/wp\/v2\/media\/138997"}],"wp:attachment":[{"href":"https:\/\/kingarms.ee\/lt\/wp-json\/wp\/v2\/media?parent=140802"}],"wp:term":[{"taxonomy":"product_brand","embeddable":true,"href":"https:\/\/kingarms.ee\/lt\/wp-json\/wp\/v2\/product_brand?post=140802"},{"taxonomy":"product_cat","embeddable":true,"href":"https:\/\/kingarms.ee\/lt\/wp-json\/wp\/v2\/product_cat?post=140802"},{"taxonomy":"product_tag","embeddable":true,"href":"https:\/\/kingarms.ee\/lt\/wp-json\/wp\/v2\/product_tag?post=140802"}],"curies":[{"name":"wp","href":"https:\/\/api.w.org\/{rel}","templated":true}]}}