{"id":140804,"date":"2024-12-06T16:38:47","date_gmt":"2024-12-07T16:02:37","guid":{"rendered":"https:\/\/kingarms.ee\/product\/dekoratyvinis-templar-kardas-by-083c\/"},"modified":"2024-12-07T19:02:37","modified_gmt":"2024-12-07T16:02:37","slug":"ornamentinis-temperatura-sword-by-083c","status":"publish","type":"product","link":"https:\/\/kingarms.ee\/lt\/product\/ornamentinis-temperatura-sword-by-083c\/","title":{"rendered":"Dekoratyvinis \u201eTemplar\u201c kardas (BY-083C)"},"content":{"rendered":"<p>Dekoratyvinis \u201eTemplar\u201c kardas (BY-083C)<\/p>\n<p>Dekoratyvinis Templar kardas<br \/>\nPlieninis a\u0161menis ir rankena<br \/>\nBendras ilgis 1190 mm<br \/>\nA\u0161men\u0173 ilgis 885 mm<br \/>\nSvoris 1900G<br \/>\nPridedamas medinis sienos stovas<\/p>\n<p>Ne a\u0161triau ir nery\u0161kus a\u0161menis<br \/>\nPrie\u0161 pirkdami patikrinkite savo \u0161alies reglament\u0105<\/p>\n","protected":false},"excerpt":{"rendered":"<p>Dekoratyvinis \u201eTemplar\u201c kardas (BY-083C) Dekoratyvinis Templar kardas Plieninis a\u0161menis ir rankena Bendras ilgis 1190 mm A\u0161men\u0173 ilgis 885 mm Svoris<\/p>\n","protected":false},"featured_media":138889,"template":"","meta":{"_acf_changed":false},"product_brand":[],"product_cat":[1312,1247],"product_tag":[],"class_list":{"0":"post-140804","1":"product","2":"type-product","3":"status-publish","4":"has-post-thumbnail","6":"product_cat-kardai","7":"product_cat-kita","9":"first","10":"instock","11":"purchasable","12":"product-type-simple"},"acf":[],"_links":{"self":[{"href":"https:\/\/kingarms.ee\/lt\/wp-json\/wp\/v2\/product\/140804","targetHints":{"allow":["GET"]}}],"collection":[{"href":"https:\/\/kingarms.ee\/lt\/wp-json\/wp\/v2\/product"}],"about":[{"href":"https:\/\/kingarms.ee\/lt\/wp-json\/wp\/v2\/types\/product"}],"wp:featuredmedia":[{"embeddable":true,"href":"https:\/\/kingarms.ee\/lt\/wp-json\/wp\/v2\/media\/138889"}],"wp:attachment":[{"href":"https:\/\/kingarms.ee\/lt\/wp-json\/wp\/v2\/media?parent=140804"}],"wp:term":[{"taxonomy":"product_brand","embeddable":true,"href":"https:\/\/kingarms.ee\/lt\/wp-json\/wp\/v2\/product_brand?post=140804"},{"taxonomy":"product_cat","embeddable":true,"href":"https:\/\/kingarms.ee\/lt\/wp-json\/wp\/v2\/product_cat?post=140804"},{"taxonomy":"product_tag","embeddable":true,"href":"https:\/\/kingarms.ee\/lt\/wp-json\/wp\/v2\/product_tag?post=140804"}],"curies":[{"name":"wp","href":"https:\/\/api.w.org\/{rel}","templated":true}]}}