{"id":140805,"date":"2024-12-06T16:38:47","date_gmt":"2024-12-07T16:02:37","guid":{"rendered":"https:\/\/kingarms.ee\/product\/dekoratyvus-kardas-049cu\/"},"modified":"2024-12-07T19:02:37","modified_gmt":"2024-12-07T16:02:37","slug":"ornamental-sword-049cu","status":"publish","type":"product","link":"https:\/\/kingarms.ee\/lt\/product\/ornamental-sword-049cu\/","title":{"rendered":"Dekoratyvus kardas (049CU)"},"content":{"rendered":"<p>Dekoratyvus kardas (049CU)<\/p>\n<p>Dekoratyvinis kardas<br \/>\n\u012ekv\u0117ptas karaliaus Art\u016bro \u201eExcalibur\u201c kardas<br \/>\nPlieninis a\u0161menys<br \/>\nMedin\u0117 rankena<br \/>\nMedinis \u0161a\u0161as, apvyniotas su Leartherette<br \/>\n\u201eOVearll\u201c ilgis 1140 mm (1165 mm su \u0161a\u0161lyku)<br \/>\nA\u0161men\u0173 ilgis 890 mm<br \/>\nSvoris 1525G (1940G su Scabbard)<\/p>\n","protected":false},"excerpt":{"rendered":"<p>Dekoratyvus kardas (049CU) Dekoratyvinis kardas \u012ekv\u0117ptas karaliaus Art\u016bro \u201eExcalibur\u201c kardas Plieninis a\u0161menys Medin\u0117 rankena Medinis \u0161a\u0161as, apvyniotas su Leartherette \u201eOVearll\u201c<\/p>\n","protected":false},"featured_media":138835,"template":"","meta":{"_acf_changed":false},"product_brand":[],"product_cat":[1312,1247],"product_tag":[],"class_list":{"0":"post-140805","1":"product","2":"type-product","3":"status-publish","4":"has-post-thumbnail","6":"product_cat-kardai","7":"product_cat-kita","9":"first","10":"instock","11":"purchasable","12":"product-type-simple"},"acf":[],"_links":{"self":[{"href":"https:\/\/kingarms.ee\/lt\/wp-json\/wp\/v2\/product\/140805","targetHints":{"allow":["GET"]}}],"collection":[{"href":"https:\/\/kingarms.ee\/lt\/wp-json\/wp\/v2\/product"}],"about":[{"href":"https:\/\/kingarms.ee\/lt\/wp-json\/wp\/v2\/types\/product"}],"wp:featuredmedia":[{"embeddable":true,"href":"https:\/\/kingarms.ee\/lt\/wp-json\/wp\/v2\/media\/138835"}],"wp:attachment":[{"href":"https:\/\/kingarms.ee\/lt\/wp-json\/wp\/v2\/media?parent=140805"}],"wp:term":[{"taxonomy":"product_brand","embeddable":true,"href":"https:\/\/kingarms.ee\/lt\/wp-json\/wp\/v2\/product_brand?post=140805"},{"taxonomy":"product_cat","embeddable":true,"href":"https:\/\/kingarms.ee\/lt\/wp-json\/wp\/v2\/product_cat?post=140805"},{"taxonomy":"product_tag","embeddable":true,"href":"https:\/\/kingarms.ee\/lt\/wp-json\/wp\/v2\/product_tag?post=140805"}],"curies":[{"name":"wp","href":"https:\/\/api.w.org\/{rel}","templated":true}]}}