{"id":140806,"date":"2024-12-06T16:38:47","date_gmt":"2024-12-07T16:02:37","guid":{"rendered":"https:\/\/kingarms.ee\/product\/dekoratyvinis-kardas-049c\/"},"modified":"2024-12-07T19:02:37","modified_gmt":"2024-12-07T16:02:37","slug":"dekoratyvinis-sword-049c","status":"publish","type":"product","link":"https:\/\/kingarms.ee\/lt\/product\/dekoratyvinis-sword-049c\/","title":{"rendered":"Dekoratyvinis kardas (049c)"},"content":{"rendered":"<p>Dekoratyvinis kardas (049c)<\/p>\n<p>Dekoratyvinis kardas<br \/>\n\u012ekv\u0117ptas karaliaus Art\u016bro \u201eExcalibur\u201c kardas<br \/>\nPlieninis a\u0161menys<br \/>\nMedin\u0117 rankena<br \/>\nBendras Lenght 1140 mm<br \/>\nBendras a\u0161menis 890 mm<br \/>\nSvoris 1525 g<br \/>\n\u012etrauktas medinis stendas<\/p>\n","protected":false},"excerpt":{"rendered":"<p>Dekoratyvinis kardas (049c) Dekoratyvinis kardas \u012ekv\u0117ptas karaliaus Art\u016bro \u201eExcalibur\u201c kardas Plieninis a\u0161menys Medin\u0117 rankena Bendras Lenght 1140 mm Bendras a\u0161menis<\/p>\n","protected":false},"featured_media":138829,"template":"","meta":{"_acf_changed":false},"product_brand":[],"product_cat":[1312,1247],"product_tag":[],"class_list":{"0":"post-140806","1":"product","2":"type-product","3":"status-publish","4":"has-post-thumbnail","6":"product_cat-kardai","7":"product_cat-kita","9":"first","10":"instock","11":"purchasable","12":"product-type-simple"},"acf":[],"_links":{"self":[{"href":"https:\/\/kingarms.ee\/lt\/wp-json\/wp\/v2\/product\/140806","targetHints":{"allow":["GET"]}}],"collection":[{"href":"https:\/\/kingarms.ee\/lt\/wp-json\/wp\/v2\/product"}],"about":[{"href":"https:\/\/kingarms.ee\/lt\/wp-json\/wp\/v2\/types\/product"}],"wp:featuredmedia":[{"embeddable":true,"href":"https:\/\/kingarms.ee\/lt\/wp-json\/wp\/v2\/media\/138829"}],"wp:attachment":[{"href":"https:\/\/kingarms.ee\/lt\/wp-json\/wp\/v2\/media?parent=140806"}],"wp:term":[{"taxonomy":"product_brand","embeddable":true,"href":"https:\/\/kingarms.ee\/lt\/wp-json\/wp\/v2\/product_brand?post=140806"},{"taxonomy":"product_cat","embeddable":true,"href":"https:\/\/kingarms.ee\/lt\/wp-json\/wp\/v2\/product_cat?post=140806"},{"taxonomy":"product_tag","embeddable":true,"href":"https:\/\/kingarms.ee\/lt\/wp-json\/wp\/v2\/product_tag?post=140806"}],"curies":[{"name":"wp","href":"https:\/\/api.w.org\/{rel}","templated":true}]}}