{"id":140828,"date":"2024-12-06T16:38:47","date_gmt":"2024-12-07T16:04:44","guid":{"rendered":"https:\/\/kingarms.ee\/product\/ornametal-fantasy-sword-zs9440\/"},"modified":"2024-12-07T19:04:44","modified_gmt":"2024-12-07T16:04:44","slug":"ornametalinis-fantazijos-sword-zs9440","status":"publish","type":"product","link":"https:\/\/kingarms.ee\/lt\/product\/ornametalinis-fantazijos-sword-zs9440\/","title":{"rendered":"\u201eOrnametal Fantasy Sword\u201c (ZS9440)"},"content":{"rendered":"<p>\u201eOrnametal Fantasy Sword\u201c (ZS9440)<\/p>\n<p>Dekoratyvinis fantazijos kardas<br \/>\n\u012ekv\u0117ptas Benihime kardo i\u0161 Kisuke Urahara<br \/>\n\u201eBleach Anime\u201c serija<br \/>\nMetalinis tsuba<br \/>\nMedin\u0117 rankena ir apvalkalas<br \/>\nBendras Lenght 1030 mm (1110 mm su apvalkalu)<br \/>\nLenght Blade 730 mm<br \/>\nSvoris 890 g (1135 g su apvalkalu)<\/p>\n<p>Ne a\u0161triau ir nery\u0161kus a\u0161menis<br \/>\nPrie\u0161 pirkdami patikrinkite savo \u0161alies reglament\u0105<\/p>\n","protected":false},"excerpt":{"rendered":"<p>\u201eOrnametal Fantasy Sword\u201c (ZS9440) Dekoratyvinis fantazijos kardas \u012ekv\u0117ptas Benihime kardo i\u0161 Kisuke Urahara \u201eBleach Anime\u201c serija Metalinis tsuba Medin\u0117 rankena<\/p>\n","protected":false},"featured_media":140047,"template":"","meta":{"_acf_changed":false},"product_brand":[],"product_cat":[1312,1247],"product_tag":[],"class_list":{"0":"post-140828","1":"product","2":"type-product","3":"status-publish","4":"has-post-thumbnail","6":"product_cat-kardai","7":"product_cat-kita","9":"first","10":"instock","11":"purchasable","12":"product-type-simple"},"acf":[],"_links":{"self":[{"href":"https:\/\/kingarms.ee\/lt\/wp-json\/wp\/v2\/product\/140828","targetHints":{"allow":["GET"]}}],"collection":[{"href":"https:\/\/kingarms.ee\/lt\/wp-json\/wp\/v2\/product"}],"about":[{"href":"https:\/\/kingarms.ee\/lt\/wp-json\/wp\/v2\/types\/product"}],"wp:featuredmedia":[{"embeddable":true,"href":"https:\/\/kingarms.ee\/lt\/wp-json\/wp\/v2\/media\/140047"}],"wp:attachment":[{"href":"https:\/\/kingarms.ee\/lt\/wp-json\/wp\/v2\/media?parent=140828"}],"wp:term":[{"taxonomy":"product_brand","embeddable":true,"href":"https:\/\/kingarms.ee\/lt\/wp-json\/wp\/v2\/product_brand?post=140828"},{"taxonomy":"product_cat","embeddable":true,"href":"https:\/\/kingarms.ee\/lt\/wp-json\/wp\/v2\/product_cat?post=140828"},{"taxonomy":"product_tag","embeddable":true,"href":"https:\/\/kingarms.ee\/lt\/wp-json\/wp\/v2\/product_tag?post=140828"}],"curies":[{"name":"wp","href":"https:\/\/api.w.org\/{rel}","templated":true}]}}