{"id":140839,"date":"2024-12-06T16:38:30","date_gmt":"2024-12-07T16:29:44","guid":{"rendered":"https:\/\/kingarms.ee\/product\/dekoratyviniai-kunai-zs-kun-a\/"},"modified":"2024-12-07T19:29:44","modified_gmt":"2024-12-07T16:29:44","slug":"dekoratyvinis-kunai-zs-kun-a","status":"publish","type":"product","link":"https:\/\/kingarms.ee\/lt\/product\/dekoratyvinis-kunai-zs-kun-a\/","title":{"rendered":"Dekoratyviniai kunai (zs-kun-a)"},"content":{"rendered":"<p>Dekoratyviniai kunai (zs-kun-a)<\/p>\n<p>Dekoratyvinis durklas<br \/>\n\u012ekv\u0117p\u0117 Minato Namikaze&#8217;s Kunai<br \/>\n\u201eNaruto Anime\u201c serija<br \/>\nVisas metalas<br \/>\nAudin\u012f u\u017edengta rankena<br \/>\nBendras ilgis 280 mm<br \/>\nA\u0161men\u0173 ilgis 100 mm<br \/>\nSvoris 196G<\/p>\n<p>Ne a\u0161triau ir nery\u0161kus a\u0161menis<br \/>\nPrie\u0161 pirkdami patikrinkite savo \u0161alies reglament\u0105<\/p>\n","protected":false},"excerpt":{"rendered":"<p>Dekoratyviniai kunai (zs-kun-a) Dekoratyvinis durklas \u012ekv\u0117p\u0117 Minato Namikaze&#8217;s Kunai \u201eNaruto Anime\u201c serija Visas metalas Audin\u012f u\u017edengta rankena Bendras ilgis 280<\/p>\n","protected":false},"featured_media":140095,"template":"","meta":{"_acf_changed":false},"product_brand":[],"product_cat":[1312,1247],"product_tag":[],"class_list":{"0":"post-140839","1":"product","2":"type-product","3":"status-publish","4":"has-post-thumbnail","6":"product_cat-kardai","7":"product_cat-kita","9":"first","10":"instock","11":"purchasable","12":"product-type-simple"},"acf":[],"_links":{"self":[{"href":"https:\/\/kingarms.ee\/lt\/wp-json\/wp\/v2\/product\/140839","targetHints":{"allow":["GET"]}}],"collection":[{"href":"https:\/\/kingarms.ee\/lt\/wp-json\/wp\/v2\/product"}],"about":[{"href":"https:\/\/kingarms.ee\/lt\/wp-json\/wp\/v2\/types\/product"}],"wp:featuredmedia":[{"embeddable":true,"href":"https:\/\/kingarms.ee\/lt\/wp-json\/wp\/v2\/media\/140095"}],"wp:attachment":[{"href":"https:\/\/kingarms.ee\/lt\/wp-json\/wp\/v2\/media?parent=140839"}],"wp:term":[{"taxonomy":"product_brand","embeddable":true,"href":"https:\/\/kingarms.ee\/lt\/wp-json\/wp\/v2\/product_brand?post=140839"},{"taxonomy":"product_cat","embeddable":true,"href":"https:\/\/kingarms.ee\/lt\/wp-json\/wp\/v2\/product_cat?post=140839"},{"taxonomy":"product_tag","embeddable":true,"href":"https:\/\/kingarms.ee\/lt\/wp-json\/wp\/v2\/product_tag?post=140839"}],"curies":[{"name":"wp","href":"https:\/\/api.w.org\/{rel}","templated":true}]}}