{"id":140862,"date":"2024-12-06T16:38:30","date_gmt":"2024-12-07T16:54:28","guid":{"rendered":"https:\/\/kingarms.ee\/product\/dekoratyvinis-fantazijos-durklas-zs1202\/"},"modified":"2024-12-07T19:54:28","modified_gmt":"2024-12-07T16:54:28","slug":"dekoratyvinis-fantazijos-daggeris-zs1202","status":"publish","type":"product","link":"https:\/\/kingarms.ee\/lt\/product\/dekoratyvinis-fantazijos-daggeris-zs1202\/","title":{"rendered":"Dekoratyvinis fantazijos durklas (ZS1202)"},"content":{"rendered":"<p>Dekoratyvinis fantazijos durklas (ZS1202)<\/p>\n<p>Dekoratyvinis fantazijos durklas<br \/>\n\u012ekv\u0117ptas Ruby&#8217;s Peiliu<br \/>\nTV serialas \u201eSupernatural\u201c<br \/>\nMetalinis a\u0161menys ir apsauga<br \/>\nPlastikin\u0117 rankena<br \/>\nPridedamas medinis stalo stovas<br \/>\nA\u0161men\u0173 ilgis 195 mm<br \/>\nBendras ilgis 315 mm<br \/>\nSvoris 270 g<\/p>\n<p>Nery\u0161kus ir nepamir\u0161tas a\u0161menys, tik dekoratyviniams tikslams<br \/>\nPrie\u0161 pirkdami patikrinkite savo \u0161alies reglament\u0105<\/p>\n","protected":false},"excerpt":{"rendered":"<p>Dekoratyvinis fantazijos durklas (ZS1202) Dekoratyvinis fantazijos durklas \u012ekv\u0117ptas Ruby&#8217;s Peiliu TV serialas \u201eSupernatural\u201c Metalinis a\u0161menys ir apsauga Plastikin\u0117 rankena Pridedamas<\/p>\n","protected":false},"featured_media":139753,"template":"","meta":{"_acf_changed":false},"product_brand":[],"product_cat":[1312,1247],"product_tag":[],"class_list":{"0":"post-140862","1":"product","2":"type-product","3":"status-publish","4":"has-post-thumbnail","6":"product_cat-kardai","7":"product_cat-kita","9":"first","10":"instock","11":"purchasable","12":"product-type-simple"},"acf":[],"_links":{"self":[{"href":"https:\/\/kingarms.ee\/lt\/wp-json\/wp\/v2\/product\/140862","targetHints":{"allow":["GET"]}}],"collection":[{"href":"https:\/\/kingarms.ee\/lt\/wp-json\/wp\/v2\/product"}],"about":[{"href":"https:\/\/kingarms.ee\/lt\/wp-json\/wp\/v2\/types\/product"}],"wp:featuredmedia":[{"embeddable":true,"href":"https:\/\/kingarms.ee\/lt\/wp-json\/wp\/v2\/media\/139753"}],"wp:attachment":[{"href":"https:\/\/kingarms.ee\/lt\/wp-json\/wp\/v2\/media?parent=140862"}],"wp:term":[{"taxonomy":"product_brand","embeddable":true,"href":"https:\/\/kingarms.ee\/lt\/wp-json\/wp\/v2\/product_brand?post=140862"},{"taxonomy":"product_cat","embeddable":true,"href":"https:\/\/kingarms.ee\/lt\/wp-json\/wp\/v2\/product_cat?post=140862"},{"taxonomy":"product_tag","embeddable":true,"href":"https:\/\/kingarms.ee\/lt\/wp-json\/wp\/v2\/product_tag?post=140862"}],"curies":[{"name":"wp","href":"https:\/\/api.w.org\/{rel}","templated":true}]}}