{"id":140863,"date":"2024-12-06T16:38:30","date_gmt":"2024-12-07T16:54:28","guid":{"rendered":"https:\/\/kingarms.ee\/product\/dekoratyvinis-fantazijos-kardas-zs686\/"},"modified":"2024-12-07T19:54:28","modified_gmt":"2024-12-07T16:54:28","slug":"dekoratyvinis-fantastinis-sword-zs686","status":"publish","type":"product","link":"https:\/\/kingarms.ee\/lt\/product\/dekoratyvinis-fantastinis-sword-zs686\/","title":{"rendered":"Dekoratyvinis fantazijos kardas (ZS686)"},"content":{"rendered":"<p>Dekoratyvinis fantazijos kardas (ZS686)<\/p>\n<p>Dekoratyvinis fantazijos kardas<br \/>\n\u012ekv\u0117ptas Targaryeno \u201eBlackfyre Sword\u201c (priklauso Aegonui I, Viserys ir Aegon II)<br \/>\n\u201eDragon\u201c televizijos serijos namai<br \/>\nPlieninis blase<br \/>\nMetalo sargybinis ir \u017einoti<br \/>\nOdinis \u0161ukas<br \/>\nBendras ilgis: 1190 mm<br \/>\nA\u0161men\u0173 ilgis: 860 mm<\/p>\n<p>Nery\u0161kus ir nepamdytas katana, tik dekoratyviniais tikslais<br \/>\nPrie\u0161 pirkdami patikrinkite savo \u0161alies reglament\u0105<\/p>\n","protected":false},"excerpt":{"rendered":"<p>Dekoratyvinis fantazijos kardas (ZS686) Dekoratyvinis fantazijos kardas \u012ekv\u0117ptas Targaryeno \u201eBlackfyre Sword\u201c (priklauso Aegonui I, Viserys ir Aegon II) \u201eDragon\u201c televizijos<\/p>\n","protected":false},"featured_media":139663,"template":"","meta":{"_acf_changed":false},"product_brand":[],"product_cat":[1312,1247],"product_tag":[],"class_list":{"0":"post-140863","1":"product","2":"type-product","3":"status-publish","4":"has-post-thumbnail","6":"product_cat-kardai","7":"product_cat-kita","9":"first","10":"instock","11":"purchasable","12":"product-type-simple"},"acf":[],"_links":{"self":[{"href":"https:\/\/kingarms.ee\/lt\/wp-json\/wp\/v2\/product\/140863","targetHints":{"allow":["GET"]}}],"collection":[{"href":"https:\/\/kingarms.ee\/lt\/wp-json\/wp\/v2\/product"}],"about":[{"href":"https:\/\/kingarms.ee\/lt\/wp-json\/wp\/v2\/types\/product"}],"wp:featuredmedia":[{"embeddable":true,"href":"https:\/\/kingarms.ee\/lt\/wp-json\/wp\/v2\/media\/139663"}],"wp:attachment":[{"href":"https:\/\/kingarms.ee\/lt\/wp-json\/wp\/v2\/media?parent=140863"}],"wp:term":[{"taxonomy":"product_brand","embeddable":true,"href":"https:\/\/kingarms.ee\/lt\/wp-json\/wp\/v2\/product_brand?post=140863"},{"taxonomy":"product_cat","embeddable":true,"href":"https:\/\/kingarms.ee\/lt\/wp-json\/wp\/v2\/product_cat?post=140863"},{"taxonomy":"product_tag","embeddable":true,"href":"https:\/\/kingarms.ee\/lt\/wp-json\/wp\/v2\/product_tag?post=140863"}],"curies":[{"name":"wp","href":"https:\/\/api.w.org\/{rel}","templated":true}]}}