{"id":140864,"date":"2024-12-06T16:38:30","date_gmt":"2024-12-07T16:54:29","guid":{"rendered":"https:\/\/kingarms.ee\/product\/dekoratyvinis-mini-kardas-zs680-mini\/"},"modified":"2024-12-07T19:54:29","modified_gmt":"2024-12-07T16:54:29","slug":"ornamentinis-mini-sword-zs680-mini","status":"publish","type":"product","link":"https:\/\/kingarms.ee\/lt\/product\/ornamentinis-mini-sword-zs680-mini\/","title":{"rendered":"Dekoratyvinis mini kardas (ZS680-MINI)"},"content":{"rendered":"<p>Dekoratyvinis mini kardas (ZS680-MINI)<\/p>\n<p>Dekoratyvinis mini kardas<br \/>\n\u012ekv\u0117ptas Obagai Iguro kardo<br \/>\nAnime serija \u201eKimetsu no Yaiba\u201c (\u201eDemon Slayer\u201c)<br \/>\nAnglies plieno a\u0161menys<br \/>\nMetalinis tsuba<br \/>\nPlastikinis rankena<br \/>\nLetherette Scabbard<br \/>\nBendras ilgis 450 mm<br \/>\nA\u0161men\u0173 ilgis 290 mm<br \/>\nSvoris 192G (248 g su \u0161a\u0161lyku)<\/p>\n<p>Nery\u0161kus ir nepamir\u0161tas a\u0161menys, tik dekoratyviniams tikslams<br \/>\nPrie\u0161 pirkdami patikrinkite savo \u0161alies reglament\u0105<\/p>\n","protected":false},"excerpt":{"rendered":"<p>Dekoratyvinis mini kardas (ZS680-MINI) Dekoratyvinis mini kardas \u012ekv\u0117ptas Obagai Iguro kardo Anime serija \u201eKimetsu no Yaiba\u201c (\u201eDemon Slayer\u201c) Anglies plieno<\/p>\n","protected":false},"featured_media":139639,"template":"","meta":{"_acf_changed":false},"product_brand":[],"product_cat":[1312,1247],"product_tag":[],"class_list":{"0":"post-140864","1":"product","2":"type-product","3":"status-publish","4":"has-post-thumbnail","6":"product_cat-kardai","7":"product_cat-kita","9":"first","10":"instock","11":"purchasable","12":"product-type-simple"},"acf":[],"_links":{"self":[{"href":"https:\/\/kingarms.ee\/lt\/wp-json\/wp\/v2\/product\/140864","targetHints":{"allow":["GET"]}}],"collection":[{"href":"https:\/\/kingarms.ee\/lt\/wp-json\/wp\/v2\/product"}],"about":[{"href":"https:\/\/kingarms.ee\/lt\/wp-json\/wp\/v2\/types\/product"}],"wp:featuredmedia":[{"embeddable":true,"href":"https:\/\/kingarms.ee\/lt\/wp-json\/wp\/v2\/media\/139639"}],"wp:attachment":[{"href":"https:\/\/kingarms.ee\/lt\/wp-json\/wp\/v2\/media?parent=140864"}],"wp:term":[{"taxonomy":"product_brand","embeddable":true,"href":"https:\/\/kingarms.ee\/lt\/wp-json\/wp\/v2\/product_brand?post=140864"},{"taxonomy":"product_cat","embeddable":true,"href":"https:\/\/kingarms.ee\/lt\/wp-json\/wp\/v2\/product_cat?post=140864"},{"taxonomy":"product_tag","embeddable":true,"href":"https:\/\/kingarms.ee\/lt\/wp-json\/wp\/v2\/product_tag?post=140864"}],"curies":[{"name":"wp","href":"https:\/\/api.w.org\/{rel}","templated":true}]}}