{"id":140904,"date":"2024-12-06T16:38:08","date_gmt":"2024-12-07T19:37:02","guid":{"rendered":"https:\/\/kingarms.ee\/product\/dekoratyvinis-fantazijos-kardas-zs673-2\/"},"modified":"2024-12-07T22:37:02","modified_gmt":"2024-12-07T19:37:02","slug":"dekoratyvinis-fantastinis-sword-zs673-2","status":"publish","type":"product","link":"https:\/\/kingarms.ee\/lt\/product\/dekoratyvinis-fantastinis-sword-zs673-2\/","title":{"rendered":"Dekoratyvinis fantazijos kardas (ZS673-2)"},"content":{"rendered":"<p>Dekoratyvinis fantazijos kardas (ZS673-2)<\/p>\n<p>Dekoratyvinis kardas<br \/>\n\u012ekv\u0117ptas Gryphono, Shankso \u201eSabre\u201c<br \/>\nAnime serie one k\u016brinys<br \/>\nPlieninis a\u0161menys<br \/>\nMedin\u0117 tsuka ir \u0161uka<br \/>\nBendras ilgis 950 mm (1030 mm su \u0161a\u0161lyku)<br \/>\nA\u0161men\u0173 ilgis 675 mm<br \/>\n\u201eTsuka\u201c ilgis 280 mm<\/p>\n<p>Nery\u0161kus ir nepamir\u0161tas a\u0161menys, tik dekoratyviniams tikslams<br \/>\nPrie\u0161 pirkdami patikrinkite savo \u0161alies reglament\u0105<\/p>\n","protected":false},"excerpt":{"rendered":"<p>Dekoratyvinis fantazijos kardas (ZS673-2) Dekoratyvinis kardas \u012ekv\u0117ptas Gryphono, Shankso \u201eSabre\u201c Anime serie one k\u016brinys Plieninis a\u0161menys Medin\u0117 tsuka ir \u0161uka<\/p>\n","protected":false},"featured_media":139597,"template":"","meta":{"_acf_changed":false},"product_brand":[],"product_cat":[1312,1247],"product_tag":[],"class_list":{"0":"post-140904","1":"product","2":"type-product","3":"status-publish","4":"has-post-thumbnail","6":"product_cat-kardai","7":"product_cat-kita","9":"first","10":"instock","11":"purchasable","12":"product-type-simple"},"acf":[],"_links":{"self":[{"href":"https:\/\/kingarms.ee\/lt\/wp-json\/wp\/v2\/product\/140904","targetHints":{"allow":["GET"]}}],"collection":[{"href":"https:\/\/kingarms.ee\/lt\/wp-json\/wp\/v2\/product"}],"about":[{"href":"https:\/\/kingarms.ee\/lt\/wp-json\/wp\/v2\/types\/product"}],"wp:featuredmedia":[{"embeddable":true,"href":"https:\/\/kingarms.ee\/lt\/wp-json\/wp\/v2\/media\/139597"}],"wp:attachment":[{"href":"https:\/\/kingarms.ee\/lt\/wp-json\/wp\/v2\/media?parent=140904"}],"wp:term":[{"taxonomy":"product_brand","embeddable":true,"href":"https:\/\/kingarms.ee\/lt\/wp-json\/wp\/v2\/product_brand?post=140904"},{"taxonomy":"product_cat","embeddable":true,"href":"https:\/\/kingarms.ee\/lt\/wp-json\/wp\/v2\/product_cat?post=140904"},{"taxonomy":"product_tag","embeddable":true,"href":"https:\/\/kingarms.ee\/lt\/wp-json\/wp\/v2\/product_tag?post=140904"}],"curies":[{"name":"wp","href":"https:\/\/api.w.org\/{rel}","templated":true}]}}