{"id":140911,"date":"2024-12-06T16:37:47","date_gmt":"2024-12-07T21:34:05","guid":{"rendered":"https:\/\/kingarms.ee\/product\/dekoratyvinis-kardas-zs145\/"},"modified":"2024-12-08T00:34:05","modified_gmt":"2024-12-07T21:34:05","slug":"dekoratyvinis-sword-zs145","status":"publish","type":"product","link":"https:\/\/kingarms.ee\/lt\/product\/dekoratyvinis-sword-zs145\/","title":{"rendered":"Dekoratyvinis kardas (ZS145)"},"content":{"rendered":"<p>Dekoratyvinis kardas (ZS145)<\/p>\n<p>Dekoratyvinis kardas<br \/>\n\u012ekv\u0117ptas Ashbringerio Sword i\u0161 Alexandros Mograine<br \/>\n\u201eWarcraft\u201c serija<br \/>\nPlieninis a\u0161menys<br \/>\nMetalin\u0117 apsauga ir ranken\u0117l\u0117<br \/>\nMedin\u0117 rankena<br \/>\nPridedamas medinis sienos stovas<br \/>\nBendras ilgis 1190 mm<br \/>\nA\u0161men\u0173 ilgis 720 mm<br \/>\nSvoris 5445G<\/p>\n<p>Nery\u0161kus ir nepamir\u0161tas a\u0161menys, tik dekoratyviniams tikslams<br \/>\nPrie\u0161 pirkdami patikrinkite savo \u0161alies reglament\u0105<\/p>\n","protected":false},"excerpt":{"rendered":"<p>Dekoratyvinis kardas (ZS145) Dekoratyvinis kardas \u012ekv\u0117ptas Ashbringerio Sword i\u0161 Alexandros Mograine \u201eWarcraft\u201c serija Plieninis a\u0161menys Metalin\u0117 apsauga ir ranken\u0117l\u0117 Medin\u0117<\/p>\n","protected":false},"featured_media":139255,"template":"","meta":{"_acf_changed":false},"product_brand":[],"product_cat":[1312,1247],"product_tag":[],"class_list":{"0":"post-140911","1":"product","2":"type-product","3":"status-publish","4":"has-post-thumbnail","6":"product_cat-kardai","7":"product_cat-kita","9":"first","10":"instock","11":"purchasable","12":"product-type-simple"},"acf":[],"_links":{"self":[{"href":"https:\/\/kingarms.ee\/lt\/wp-json\/wp\/v2\/product\/140911","targetHints":{"allow":["GET"]}}],"collection":[{"href":"https:\/\/kingarms.ee\/lt\/wp-json\/wp\/v2\/product"}],"about":[{"href":"https:\/\/kingarms.ee\/lt\/wp-json\/wp\/v2\/types\/product"}],"wp:featuredmedia":[{"embeddable":true,"href":"https:\/\/kingarms.ee\/lt\/wp-json\/wp\/v2\/media\/139255"}],"wp:attachment":[{"href":"https:\/\/kingarms.ee\/lt\/wp-json\/wp\/v2\/media?parent=140911"}],"wp:term":[{"taxonomy":"product_brand","embeddable":true,"href":"https:\/\/kingarms.ee\/lt\/wp-json\/wp\/v2\/product_brand?post=140911"},{"taxonomy":"product_cat","embeddable":true,"href":"https:\/\/kingarms.ee\/lt\/wp-json\/wp\/v2\/product_cat?post=140911"},{"taxonomy":"product_tag","embeddable":true,"href":"https:\/\/kingarms.ee\/lt\/wp-json\/wp\/v2\/product_tag?post=140911"}],"curies":[{"name":"wp","href":"https:\/\/api.w.org\/{rel}","templated":true}]}}