{"id":140918,"date":"2024-12-06T16:37:26","date_gmt":"2024-12-07T23:00:01","guid":{"rendered":"https:\/\/kingarms.ee\/product\/dekoratyvinis-fantazijos-durklas-by-018c\/"},"modified":"2024-12-08T02:00:01","modified_gmt":"2024-12-07T23:00:01","slug":"dekoratyvinis-fantazijos-desrainis-018c","status":"publish","type":"product","link":"https:\/\/kingarms.ee\/lt\/product\/dekoratyvinis-fantazijos-desrainis-018c\/","title":{"rendered":"Dekoratyvinis fantazijos durklas (BY-018C)"},"content":{"rendered":"<p>Dekoratyvinis fantazijos durklas (BY-018C)<\/p>\n<p>Dekoratyvinis fantazijos durklas<br \/>\nBendras 440 mm ilgio<br \/>\nPridedamas medinis sienos stovas<\/p>\n<p>Ne a\u0161triau ir nery\u0161kus a\u0161menis<br \/>\nPrie\u0161 pirkdami pra\u0161au savo \u0161alies reglamento<\/p>\n","protected":false},"excerpt":{"rendered":"<p>Dekoratyvinis fantazijos durklas (BY-018C) Dekoratyvinis fantazijos durklas Bendras 440 mm ilgio Pridedamas medinis sienos stovas Ne a\u0161triau ir nery\u0161kus a\u0161menis<\/p>\n","protected":false},"featured_media":138853,"template":"","meta":{"_acf_changed":false},"product_brand":[],"product_cat":[1312,1247],"product_tag":[],"class_list":{"0":"post-140918","1":"product","2":"type-product","3":"status-publish","4":"has-post-thumbnail","6":"product_cat-kardai","7":"product_cat-kita","9":"first","10":"instock","11":"purchasable","12":"product-type-simple"},"acf":[],"_links":{"self":[{"href":"https:\/\/kingarms.ee\/lt\/wp-json\/wp\/v2\/product\/140918","targetHints":{"allow":["GET"]}}],"collection":[{"href":"https:\/\/kingarms.ee\/lt\/wp-json\/wp\/v2\/product"}],"about":[{"href":"https:\/\/kingarms.ee\/lt\/wp-json\/wp\/v2\/types\/product"}],"wp:featuredmedia":[{"embeddable":true,"href":"https:\/\/kingarms.ee\/lt\/wp-json\/wp\/v2\/media\/138853"}],"wp:attachment":[{"href":"https:\/\/kingarms.ee\/lt\/wp-json\/wp\/v2\/media?parent=140918"}],"wp:term":[{"taxonomy":"product_brand","embeddable":true,"href":"https:\/\/kingarms.ee\/lt\/wp-json\/wp\/v2\/product_brand?post=140918"},{"taxonomy":"product_cat","embeddable":true,"href":"https:\/\/kingarms.ee\/lt\/wp-json\/wp\/v2\/product_cat?post=140918"},{"taxonomy":"product_tag","embeddable":true,"href":"https:\/\/kingarms.ee\/lt\/wp-json\/wp\/v2\/product_tag?post=140918"}],"curies":[{"name":"wp","href":"https:\/\/api.w.org\/{rel}","templated":true}]}}