{"id":140924,"date":"2024-12-06T16:37:07","date_gmt":"2024-12-08T00:23:49","guid":{"rendered":"https:\/\/kingarms.ee\/product\/dekoratyvinis-fantazijos-kardas-zs639\/"},"modified":"2024-12-08T03:23:49","modified_gmt":"2024-12-08T00:23:49","slug":"dekoratyvinis-fantazijos-sword-zs639","status":"publish","type":"product","link":"https:\/\/kingarms.ee\/lt\/product\/dekoratyvinis-fantazijos-sword-zs639\/","title":{"rendered":"Dekoratyvinis fantazijos kardas (ZS639)"},"content":{"rendered":"<p>Dekoratyvinis fantazijos kardas (ZS639)<\/p>\n<p>Dekoratyvinis fantazijos kardas<br \/>\n\u012ekv\u0117ptas Arijos Starko adatos kard\u0173<br \/>\nSost\u0173 \u017eaidim\u0173 serija<br \/>\nMetalin\u0117 ir plastikin\u0117 pakaba<br \/>\nMedienos \u0161ukas su plastiko ir metalo apdaila<br \/>\nBendras ilgis 970 mm<br \/>\nA\u0161men\u0173 ilgis 715 mm<br \/>\nSvoris 740G<\/p>\n<p>Neapjaustytas ir ne smailus kardas, tik dekoratyviniais tikslais<br \/>\nPrie\u0161 pirkdami patikrinkite savo \u0161alies reglament\u0105<\/p>\n","protected":false},"excerpt":{"rendered":"<p>Dekoratyvinis fantazijos kardas (ZS639) Dekoratyvinis fantazijos kardas \u012ekv\u0117ptas Arijos Starko adatos kard\u0173 Sost\u0173 \u017eaidim\u0173 serija Metalin\u0117 ir plastikin\u0117 pakaba Medienos<\/p>\n","protected":false},"featured_media":139519,"template":"","meta":{"_acf_changed":false},"product_brand":[],"product_cat":[1312,1247],"product_tag":[],"class_list":{"0":"post-140924","1":"product","2":"type-product","3":"status-publish","4":"has-post-thumbnail","6":"product_cat-kardai","7":"product_cat-kita","9":"first","10":"instock","11":"purchasable","12":"product-type-simple"},"acf":[],"_links":{"self":[{"href":"https:\/\/kingarms.ee\/lt\/wp-json\/wp\/v2\/product\/140924","targetHints":{"allow":["GET"]}}],"collection":[{"href":"https:\/\/kingarms.ee\/lt\/wp-json\/wp\/v2\/product"}],"about":[{"href":"https:\/\/kingarms.ee\/lt\/wp-json\/wp\/v2\/types\/product"}],"wp:featuredmedia":[{"embeddable":true,"href":"https:\/\/kingarms.ee\/lt\/wp-json\/wp\/v2\/media\/139519"}],"wp:attachment":[{"href":"https:\/\/kingarms.ee\/lt\/wp-json\/wp\/v2\/media?parent=140924"}],"wp:term":[{"taxonomy":"product_brand","embeddable":true,"href":"https:\/\/kingarms.ee\/lt\/wp-json\/wp\/v2\/product_brand?post=140924"},{"taxonomy":"product_cat","embeddable":true,"href":"https:\/\/kingarms.ee\/lt\/wp-json\/wp\/v2\/product_cat?post=140924"},{"taxonomy":"product_tag","embeddable":true,"href":"https:\/\/kingarms.ee\/lt\/wp-json\/wp\/v2\/product_tag?post=140924"}],"curies":[{"name":"wp","href":"https:\/\/api.w.org\/{rel}","templated":true}]}}