{"id":140925,"date":"2024-12-06T16:37:07","date_gmt":"2024-12-08T00:43:06","guid":{"rendered":"https:\/\/kingarms.ee\/product\/dekoratyvus-kardas-zs9433\/"},"modified":"2024-12-08T03:43:06","modified_gmt":"2024-12-08T00:43:06","slug":"dekoratyvinis-sword-zs9433","status":"publish","type":"product","link":"https:\/\/kingarms.ee\/lt\/product\/dekoratyvinis-sword-zs9433\/","title":{"rendered":"Dekoratyvus kardas (ZS9433)"},"content":{"rendered":"<p>Dekoratyvus kardas (ZS9433)<\/p>\n<p>Dekoratyvinis kardas<br \/>\n\u012ekv\u0117ptas Zangetsu, Ichigo Kurosaki \u201eZanpakuto\u201c<br \/>\nBALECH SERIJA<br \/>\nPlieninis a\u0161menys<br \/>\nOdinis \u0161ukas<br \/>\nMedin\u0117 rankena<br \/>\nBendras ilgis 1050 mm<br \/>\nA\u0161men\u0173 ilgis 745 mm<br \/>\nSvoris 1378G (1590G su Scabbard)<\/p>\n<p>Neapjaustytas ir ne smailus kardas, tik dekoratyviniais tikslais<br \/>\nPrie\u0161 pirkdami patikrinkite savo \u0161alies reglament\u0105<\/p>\n","protected":false},"excerpt":{"rendered":"<p>Dekoratyvus kardas (ZS9433) Dekoratyvinis kardas \u012ekv\u0117ptas Zangetsu, Ichigo Kurosaki \u201eZanpakuto\u201c BALECH SERIJA Plieninis a\u0161menys Odinis \u0161ukas Medin\u0117 rankena Bendras ilgis<\/p>\n","protected":false},"featured_media":140041,"template":"","meta":{"_acf_changed":false},"product_brand":[],"product_cat":[1312,1247],"product_tag":[],"class_list":{"0":"post-140925","1":"product","2":"type-product","3":"status-publish","4":"has-post-thumbnail","6":"product_cat-kardai","7":"product_cat-kita","9":"first","10":"instock","11":"purchasable","12":"product-type-simple"},"acf":[],"_links":{"self":[{"href":"https:\/\/kingarms.ee\/lt\/wp-json\/wp\/v2\/product\/140925","targetHints":{"allow":["GET"]}}],"collection":[{"href":"https:\/\/kingarms.ee\/lt\/wp-json\/wp\/v2\/product"}],"about":[{"href":"https:\/\/kingarms.ee\/lt\/wp-json\/wp\/v2\/types\/product"}],"wp:featuredmedia":[{"embeddable":true,"href":"https:\/\/kingarms.ee\/lt\/wp-json\/wp\/v2\/media\/140041"}],"wp:attachment":[{"href":"https:\/\/kingarms.ee\/lt\/wp-json\/wp\/v2\/media?parent=140925"}],"wp:term":[{"taxonomy":"product_brand","embeddable":true,"href":"https:\/\/kingarms.ee\/lt\/wp-json\/wp\/v2\/product_brand?post=140925"},{"taxonomy":"product_cat","embeddable":true,"href":"https:\/\/kingarms.ee\/lt\/wp-json\/wp\/v2\/product_cat?post=140925"},{"taxonomy":"product_tag","embeddable":true,"href":"https:\/\/kingarms.ee\/lt\/wp-json\/wp\/v2\/product_tag?post=140925"}],"curies":[{"name":"wp","href":"https:\/\/api.w.org\/{rel}","templated":true}]}}