{"id":140950,"date":"2024-12-06T16:37:07","date_gmt":"2024-12-09T08:09:14","guid":{"rendered":"https:\/\/kingarms.ee\/product\/dekoratyvinis-fantazijos-kardas-035a\/"},"modified":"2024-12-09T11:09:34","modified_gmt":"2024-12-09T08:09:34","slug":"ornamental-fantasy-sword-035a","status":"publish","type":"product","link":"https:\/\/kingarms.ee\/lt\/product\/ornamental-fantasy-sword-035a\/","title":{"rendered":"Dekoratyvinis fantazijos kardas (035A)"},"content":{"rendered":"<p>Dekoratyvinis fantazijos kardas (035A)<\/p>\n<p>Dekoratyvinis fantazijos kardas<br \/>\n\u012ekv\u0117ptas Arweno kardo<br \/>\nSerijos \u201e\u017died\u0173 valdovas\u201c<br \/>\nPlieninis i\u0161lenktas a\u0161menys su gravi\u016bromis<br \/>\nMetalin\u0117 ranken\u0117l\u0117<br \/>\nMedin\u0117 rankena<br \/>\nBendras ilgis 950 mm<br \/>\nA\u0161men\u0173 ilgis 750 mm<br \/>\nSvoris 910 g<\/p>\n<p>Nery\u0161kus ir nepamir\u0161tas a\u0161menys, tik dekoratyviniams tikslams<br \/>\nPrie\u0161 pirkdami patikrinkite savo \u0161alies reglament\u0105<\/p>\n","protected":false},"excerpt":{"rendered":"<p>Dekoratyvinis fantazijos kardas (035A) Dekoratyvinis fantazijos kardas \u012ekv\u0117ptas Arweno kardo Serijos \u201e\u017died\u0173 valdovas\u201c Plieninis i\u0161lenktas a\u0161menys su gravi\u016bromis Metalin\u0117 ranken\u0117l\u0117<\/p>\n","protected":false},"featured_media":138817,"template":"","meta":{"_acf_changed":false},"product_brand":[],"product_cat":[1312,1247],"product_tag":[],"class_list":{"0":"post-140950","1":"product","2":"type-product","3":"status-publish","4":"has-post-thumbnail","6":"product_cat-kardai","7":"product_cat-kita","9":"first","10":"instock","11":"purchasable","12":"product-type-simple"},"acf":[],"_links":{"self":[{"href":"https:\/\/kingarms.ee\/lt\/wp-json\/wp\/v2\/product\/140950","targetHints":{"allow":["GET"]}}],"collection":[{"href":"https:\/\/kingarms.ee\/lt\/wp-json\/wp\/v2\/product"}],"about":[{"href":"https:\/\/kingarms.ee\/lt\/wp-json\/wp\/v2\/types\/product"}],"wp:featuredmedia":[{"embeddable":true,"href":"https:\/\/kingarms.ee\/lt\/wp-json\/wp\/v2\/media\/138817"}],"wp:attachment":[{"href":"https:\/\/kingarms.ee\/lt\/wp-json\/wp\/v2\/media?parent=140950"}],"wp:term":[{"taxonomy":"product_brand","embeddable":true,"href":"https:\/\/kingarms.ee\/lt\/wp-json\/wp\/v2\/product_brand?post=140950"},{"taxonomy":"product_cat","embeddable":true,"href":"https:\/\/kingarms.ee\/lt\/wp-json\/wp\/v2\/product_cat?post=140950"},{"taxonomy":"product_tag","embeddable":true,"href":"https:\/\/kingarms.ee\/lt\/wp-json\/wp\/v2\/product_tag?post=140950"}],"curies":[{"name":"wp","href":"https:\/\/api.w.org\/{rel}","templated":true}]}}