{"id":140954,"date":"2024-12-06T16:36:47","date_gmt":"2024-12-09T08:10:55","guid":{"rendered":"https:\/\/kingarms.ee\/product\/dekoratyvus-kardas-zs222\/"},"modified":"2024-12-09T11:10:55","modified_gmt":"2024-12-09T08:10:55","slug":"ornamental-sword-zs222","status":"publish","type":"product","link":"https:\/\/kingarms.ee\/lt\/product\/ornamental-sword-zs222\/","title":{"rendered":"Dekoratyvus kardas (ZS222)"},"content":{"rendered":"<p>Dekoratyvus kardas (ZS222)<\/p>\n<p>Dekoratyvinis kardas<br \/>\n\u012ekv\u0117ptas \u201eBlade Sword\u201c<br \/>\nKino serijos a\u0161menys<br \/>\nPlieninis a\u0161menys<br \/>\nMedinis \u0161a\u0161as ir rankena<br \/>\nPlastikinis ir nailonas, reguliuojamas u\u017epakalin\u0117 dalis<br \/>\n\u201eBlade Lenght\u201c 660 mm<br \/>\nBendras Lenght 860 mm (935 su Scabbard)<br \/>\nSvoris 760 g (1330 g su \u0161a\u0161lyku)<\/p>\n<p>Ne a\u0161triau ir nery\u0161kus a\u0161menis<br \/>\nPrie\u0161 pirkdami patikrinkite savo \u0161alies reglament\u0105<\/p>\n","protected":false},"excerpt":{"rendered":"<p>Dekoratyvus kardas (ZS222) Dekoratyvinis kardas \u012ekv\u0117ptas \u201eBlade Sword\u201c Kino serijos a\u0161menys Plieninis a\u0161menys Medinis \u0161a\u0161as ir rankena Plastikinis ir nailonas,<\/p>\n","protected":false},"featured_media":139363,"template":"","meta":{"_acf_changed":false},"product_brand":[],"product_cat":[1312,1247],"product_tag":[],"class_list":{"0":"post-140954","1":"product","2":"type-product","3":"status-publish","4":"has-post-thumbnail","6":"product_cat-kardai","7":"product_cat-kita","9":"first","10":"instock","11":"purchasable","12":"product-type-simple"},"acf":[],"_links":{"self":[{"href":"https:\/\/kingarms.ee\/lt\/wp-json\/wp\/v2\/product\/140954","targetHints":{"allow":["GET"]}}],"collection":[{"href":"https:\/\/kingarms.ee\/lt\/wp-json\/wp\/v2\/product"}],"about":[{"href":"https:\/\/kingarms.ee\/lt\/wp-json\/wp\/v2\/types\/product"}],"wp:featuredmedia":[{"embeddable":true,"href":"https:\/\/kingarms.ee\/lt\/wp-json\/wp\/v2\/media\/139363"}],"wp:attachment":[{"href":"https:\/\/kingarms.ee\/lt\/wp-json\/wp\/v2\/media?parent=140954"}],"wp:term":[{"taxonomy":"product_brand","embeddable":true,"href":"https:\/\/kingarms.ee\/lt\/wp-json\/wp\/v2\/product_brand?post=140954"},{"taxonomy":"product_cat","embeddable":true,"href":"https:\/\/kingarms.ee\/lt\/wp-json\/wp\/v2\/product_cat?post=140954"},{"taxonomy":"product_tag","embeddable":true,"href":"https:\/\/kingarms.ee\/lt\/wp-json\/wp\/v2\/product_tag?post=140954"}],"curies":[{"name":"wp","href":"https:\/\/api.w.org\/{rel}","templated":true}]}}