{"id":140962,"date":"2024-12-06T16:36:47","date_gmt":"2024-12-09T08:12:16","guid":{"rendered":"https:\/\/kingarms.ee\/product\/fantastinis-dekoratyvinis-kardas-zs557bk\/"},"modified":"2024-12-09T11:12:16","modified_gmt":"2024-12-09T08:12:16","slug":"fantasy-ornamental-sword-zs557bk","status":"publish","type":"product","link":"https:\/\/kingarms.ee\/lt\/product\/fantasy-ornamental-sword-zs557bk\/","title":{"rendered":"Fantastinis dekoratyvinis kardas (ZS557BK)"},"content":{"rendered":"<p>Fantastinis dekoratyvinis kardas (ZS557BK)<\/p>\n<p>Fantastinis dekoratyvinis kardas (ZS557)<br \/>\n\u012ekv\u0117ptas \u201eDark Link\u201c juodojo meistro kardo<br \/>\n\u201eZelda Skyward Sword Series\u201c legenda<br \/>\nJuodoji rankena<br \/>\nPlieninis a\u0161menys<br \/>\nMedinis juodas \u0161a\u0161as<br \/>\nA\u0161men\u0173 ilgis 645 mm<br \/>\nBendras ilgis 885 mm (995 mm su \u0161a\u0161lyku)<br \/>\nSvoris 870 g (1155 g su Scabbard)<\/p>\n<p>Neapsaugotas ir nepamir\u0161tas kardas, tik dekoratyviniais tikslais<br \/>\nPrie\u0161 pirkdami patikrinkite savo \u0161alies reglament\u0105<\/p>\n","protected":false},"excerpt":{"rendered":"<p>Fantastinis dekoratyvinis kardas (ZS557BK) Fantastinis dekoratyvinis kardas (ZS557) \u012ekv\u0117ptas \u201eDark Link\u201c juodojo meistro kardo \u201eZelda Skyward Sword Series\u201c legenda Juodoji<\/p>\n","protected":false},"featured_media":139435,"template":"","meta":{"_acf_changed":false},"product_brand":[],"product_cat":[1312,1247],"product_tag":[],"class_list":{"0":"post-140962","1":"product","2":"type-product","3":"status-publish","4":"has-post-thumbnail","6":"product_cat-kardai","7":"product_cat-kita","9":"first","10":"instock","11":"purchasable","12":"product-type-simple"},"acf":[],"_links":{"self":[{"href":"https:\/\/kingarms.ee\/lt\/wp-json\/wp\/v2\/product\/140962","targetHints":{"allow":["GET"]}}],"collection":[{"href":"https:\/\/kingarms.ee\/lt\/wp-json\/wp\/v2\/product"}],"about":[{"href":"https:\/\/kingarms.ee\/lt\/wp-json\/wp\/v2\/types\/product"}],"wp:featuredmedia":[{"embeddable":true,"href":"https:\/\/kingarms.ee\/lt\/wp-json\/wp\/v2\/media\/139435"}],"wp:attachment":[{"href":"https:\/\/kingarms.ee\/lt\/wp-json\/wp\/v2\/media?parent=140962"}],"wp:term":[{"taxonomy":"product_brand","embeddable":true,"href":"https:\/\/kingarms.ee\/lt\/wp-json\/wp\/v2\/product_brand?post=140962"},{"taxonomy":"product_cat","embeddable":true,"href":"https:\/\/kingarms.ee\/lt\/wp-json\/wp\/v2\/product_cat?post=140962"},{"taxonomy":"product_tag","embeddable":true,"href":"https:\/\/kingarms.ee\/lt\/wp-json\/wp\/v2\/product_tag?post=140962"}],"curies":[{"name":"wp","href":"https:\/\/api.w.org\/{rel}","templated":true}]}}