{"id":140981,"date":"2024-12-06T16:38:47","date_gmt":"2024-12-09T08:21:44","guid":{"rendered":"https:\/\/kingarms.ee\/product\/dekoratyvinis-fantazijos-kardas-zs667\/"},"modified":"2024-12-09T11:21:44","modified_gmt":"2024-12-09T08:21:44","slug":"ornamental-fantasy-sword-zs667","status":"publish","type":"product","link":"https:\/\/kingarms.ee\/lt\/product\/ornamental-fantasy-sword-zs667\/","title":{"rendered":"Dekoratyvinis fantazijos kardas (ZS667)"},"content":{"rendered":"<p>Dekoratyvinis fantazijos kardas (ZS667)<\/p>\n<p>Dekoratyvinis fantazijos kardas<br \/>\n\u012ekv\u0117ptas Lizo kardo<br \/>\nAnime serija \u201eSeptynios mirtinos nuod\u0117m\u0117s\u201c (Nanatsu no Taizai)<br \/>\nAnglies plieno a\u0161menys<br \/>\nMetalin\u0117 apsauga ir pommelis<br \/>\nMedinis sukibimas<br \/>\nMedinis su metalin\u0117mis dalimis<br \/>\nBendras ilgis 620 mm (750 mm su \u0161a\u0161lyku)<br \/>\nA\u0161men\u0173 ilgis 410 mm<br \/>\nSvoris 960 g (1400 g su \u0161a\u0161lyku)<\/p>\n<p>Nery\u0161kus ir nepamir\u0161tas a\u0161menys, tik dekoratyviniams tikslams<br \/>\nPrie\u0161 pirkdami patikrinkite savo \u0161alies reglament\u0105<\/p>\n","protected":false},"excerpt":{"rendered":"<p>Dekoratyvinis fantazijos kardas (ZS667) Dekoratyvinis fantazijos kardas \u012ekv\u0117ptas Lizo kardo Anime serija \u201eSeptynios mirtinos nuod\u0117m\u0117s\u201c (Nanatsu no Taizai) Anglies plieno<\/p>\n","protected":false},"featured_media":139579,"template":"","meta":{"_acf_changed":false},"product_brand":[],"product_cat":[1312,1247],"product_tag":[],"class_list":{"0":"post-140981","1":"product","2":"type-product","3":"status-publish","4":"has-post-thumbnail","6":"product_cat-kardai","7":"product_cat-kita","9":"first","10":"instock","11":"purchasable","12":"product-type-simple"},"acf":[],"_links":{"self":[{"href":"https:\/\/kingarms.ee\/lt\/wp-json\/wp\/v2\/product\/140981","targetHints":{"allow":["GET"]}}],"collection":[{"href":"https:\/\/kingarms.ee\/lt\/wp-json\/wp\/v2\/product"}],"about":[{"href":"https:\/\/kingarms.ee\/lt\/wp-json\/wp\/v2\/types\/product"}],"wp:featuredmedia":[{"embeddable":true,"href":"https:\/\/kingarms.ee\/lt\/wp-json\/wp\/v2\/media\/139579"}],"wp:attachment":[{"href":"https:\/\/kingarms.ee\/lt\/wp-json\/wp\/v2\/media?parent=140981"}],"wp:term":[{"taxonomy":"product_brand","embeddable":true,"href":"https:\/\/kingarms.ee\/lt\/wp-json\/wp\/v2\/product_brand?post=140981"},{"taxonomy":"product_cat","embeddable":true,"href":"https:\/\/kingarms.ee\/lt\/wp-json\/wp\/v2\/product_cat?post=140981"},{"taxonomy":"product_tag","embeddable":true,"href":"https:\/\/kingarms.ee\/lt\/wp-json\/wp\/v2\/product_tag?post=140981"}],"curies":[{"name":"wp","href":"https:\/\/api.w.org\/{rel}","templated":true}]}}