{"id":141023,"date":"2024-12-06T16:37:47","date_gmt":"2024-12-09T08:38:59","guid":{"rendered":"https:\/\/kingarms.ee\/product\/sommelje-sabre-iki-11\/"},"modified":"2024-12-09T11:38:59","modified_gmt":"2024-12-09T08:38:59","slug":"sommelier-saber-by-111","status":"publish","type":"product","link":"https:\/\/kingarms.ee\/lt\/product\/sommelier-saber-by-111\/","title":{"rendered":"Sommelj\u0117 Sabre (iki 11)"},"content":{"rendered":"<p>Sommelj\u0117 Sabre (iki 11)<\/p>\n<p>Sommelj\u0117 Sabre<br \/>\nNery\u0161kus ir nepamir\u0161tas<br \/>\nPlieninis a\u0161menys<br \/>\nMetalin\u0117 apsauga<br \/>\nABS dervos rankena<br \/>\nBendras ilgis 60 mm<br \/>\nA\u0161men\u0173 ilgis 490 mm<br \/>\nSvoris 545 g<\/p>\n<p>Nery\u0161kus ir nepamir\u0161tas a\u0161menys, tik dekoratyviniams tikslams<br \/>\nPrie\u0161 pirkdami patikrinkite savo \u0161alies reglament\u0105<\/p>\n","protected":false},"excerpt":{"rendered":"<p>Sommelj\u0117 Sabre (iki 11) Sommelj\u0117 Sabre Nery\u0161kus ir nepamir\u0161tas Plieninis a\u0161menys Metalin\u0117 apsauga ABS dervos rankena Bendras ilgis 60 mm<\/p>\n","protected":false},"featured_media":138919,"template":"","meta":{"_acf_changed":false},"product_brand":[],"product_cat":[1312,1247],"product_tag":[],"class_list":{"0":"post-141023","1":"product","2":"type-product","3":"status-publish","4":"has-post-thumbnail","6":"product_cat-kardai","7":"product_cat-kita","9":"first","10":"instock","11":"purchasable","12":"product-type-simple"},"acf":[],"_links":{"self":[{"href":"https:\/\/kingarms.ee\/lt\/wp-json\/wp\/v2\/product\/141023","targetHints":{"allow":["GET"]}}],"collection":[{"href":"https:\/\/kingarms.ee\/lt\/wp-json\/wp\/v2\/product"}],"about":[{"href":"https:\/\/kingarms.ee\/lt\/wp-json\/wp\/v2\/types\/product"}],"wp:featuredmedia":[{"embeddable":true,"href":"https:\/\/kingarms.ee\/lt\/wp-json\/wp\/v2\/media\/138919"}],"wp:attachment":[{"href":"https:\/\/kingarms.ee\/lt\/wp-json\/wp\/v2\/media?parent=141023"}],"wp:term":[{"taxonomy":"product_brand","embeddable":true,"href":"https:\/\/kingarms.ee\/lt\/wp-json\/wp\/v2\/product_brand?post=141023"},{"taxonomy":"product_cat","embeddable":true,"href":"https:\/\/kingarms.ee\/lt\/wp-json\/wp\/v2\/product_cat?post=141023"},{"taxonomy":"product_tag","embeddable":true,"href":"https:\/\/kingarms.ee\/lt\/wp-json\/wp\/v2\/product_tag?post=141023"}],"curies":[{"name":"wp","href":"https:\/\/api.w.org\/{rel}","templated":true}]}}