{"id":141033,"date":"2024-12-06T16:38:08","date_gmt":"2024-12-09T08:40:53","guid":{"rendered":"https:\/\/kingarms.ee\/product\/dekoratyvinis-kardas-zs683-2\/"},"modified":"2024-12-09T11:40:53","modified_gmt":"2024-12-09T08:40:53","slug":"dekoratyvinis-sword-zs683-2","status":"publish","type":"product","link":"https:\/\/kingarms.ee\/lt\/product\/dekoratyvinis-sword-zs683-2\/","title":{"rendered":"Dekoratyvinis kardas (ZS683-2)"},"content":{"rendered":"<p>Dekoratyvinis kardas (ZS683-2)<\/p>\n<p>Dekoratyvinis kardas<br \/>\n\u012ekv\u0117ptas \u201ePirat\u0173 karaliaus\u201c Gol D. Rogerio \u201eAce Cutlass\u201c<br \/>\n\u201eOne Piece Serie\u201c<br \/>\nPlieninis a\u0161menys<br \/>\nMetalin\u0117 apsauga ir ranken\u0117l\u0117<br \/>\nMedinis apvalkalas ir rankena<br \/>\nA\u0161men\u0173 ilgis 645 mm<br \/>\nBendras ilgis 930 mm (1010 mm su apvalkalu)<br \/>\nSvoris 1075 g (1335 g su apvalkalu)<\/p>\n<p>Nery\u0161kus ir nepamir\u0161tas a\u0161menys, tik dekoratyviniams tikslams<br \/>\nPrie\u0161 pirkdami patikrinkite savo \u0161alies reglament\u0105<\/p>\n","protected":false},"excerpt":{"rendered":"<p>Dekoratyvinis kardas (ZS683-2) Dekoratyvinis kardas \u012ekv\u0117ptas \u201ePirat\u0173 karaliaus\u201c Gol D. Rogerio \u201eAce Cutlass\u201c \u201eOne Piece Serie\u201c Plieninis a\u0161menys Metalin\u0117 apsauga<\/p>\n","protected":false},"featured_media":139645,"template":"","meta":{"_acf_changed":false},"product_brand":[],"product_cat":[1312,1247],"product_tag":[],"class_list":{"0":"post-141033","1":"product","2":"type-product","3":"status-publish","4":"has-post-thumbnail","6":"product_cat-kardai","7":"product_cat-kita","9":"first","10":"instock","11":"purchasable","12":"product-type-simple"},"acf":[],"_links":{"self":[{"href":"https:\/\/kingarms.ee\/lt\/wp-json\/wp\/v2\/product\/141033","targetHints":{"allow":["GET"]}}],"collection":[{"href":"https:\/\/kingarms.ee\/lt\/wp-json\/wp\/v2\/product"}],"about":[{"href":"https:\/\/kingarms.ee\/lt\/wp-json\/wp\/v2\/types\/product"}],"wp:featuredmedia":[{"embeddable":true,"href":"https:\/\/kingarms.ee\/lt\/wp-json\/wp\/v2\/media\/139645"}],"wp:attachment":[{"href":"https:\/\/kingarms.ee\/lt\/wp-json\/wp\/v2\/media?parent=141033"}],"wp:term":[{"taxonomy":"product_brand","embeddable":true,"href":"https:\/\/kingarms.ee\/lt\/wp-json\/wp\/v2\/product_brand?post=141033"},{"taxonomy":"product_cat","embeddable":true,"href":"https:\/\/kingarms.ee\/lt\/wp-json\/wp\/v2\/product_cat?post=141033"},{"taxonomy":"product_tag","embeddable":true,"href":"https:\/\/kingarms.ee\/lt\/wp-json\/wp\/v2\/product_tag?post=141033"}],"curies":[{"name":"wp","href":"https:\/\/api.w.org\/{rel}","templated":true}]}}