{"id":141037,"date":"2024-12-06T16:38:08","date_gmt":"2024-12-09T08:40:54","guid":{"rendered":"https:\/\/kingarms.ee\/product\/dekoratyvinis-kardas-zs9407\/"},"modified":"2024-12-09T11:40:54","modified_gmt":"2024-12-09T08:40:54","slug":"dekoratyvinis-sword-zs9407","status":"publish","type":"product","link":"https:\/\/kingarms.ee\/lt\/product\/dekoratyvinis-sword-zs9407\/","title":{"rendered":"Dekoratyvinis kardas (ZS9407)"},"content":{"rendered":"<p>Dekoratyvinis kardas (ZS9407)<\/p>\n<p>Dekoratyvinis kardas<br \/>\n\u012ekv\u0117ptas Leonida karaliaus Spartano kard\u0173<br \/>\nI\u0161 300 film\u0173<br \/>\nPlieninis a\u0161menys<br \/>\nMedin\u0117 rankena<br \/>\nMetalin\u0117 apsauga ir ranken\u0117l\u0117<br \/>\nOdinis \u0161ukas<br \/>\nA\u0161men\u0173 ilgis 540 mm<br \/>\nBendras Lenght 705 mm (760 mm su \u0161a\u0161lyku)<br \/>\nSvoris 1070 g (1345 g su \u0161a\u0161lyku)<\/p>\n<p>Neapjaustytas ir ne smailus kardas, tik dekoratyviniais tikslais<br \/>\nPrie\u0161 pirkdami patikrinkite savo \u0161alies reglament\u0105<\/p>\n","protected":false},"excerpt":{"rendered":"<p>Dekoratyvinis kardas (ZS9407) Dekoratyvinis kardas \u012ekv\u0117ptas Leonida karaliaus Spartano kard\u0173 I\u0161 300 film\u0173 Plieninis a\u0161menys Medin\u0117 rankena Metalin\u0117 apsauga ir<\/p>\n","protected":false},"featured_media":140029,"template":"","meta":{"_acf_changed":false},"product_brand":[],"product_cat":[1312,1247],"product_tag":[],"class_list":{"0":"post-141037","1":"product","2":"type-product","3":"status-publish","4":"has-post-thumbnail","6":"product_cat-kardai","7":"product_cat-kita","9":"first","10":"instock","11":"purchasable","12":"product-type-simple"},"acf":[],"_links":{"self":[{"href":"https:\/\/kingarms.ee\/lt\/wp-json\/wp\/v2\/product\/141037","targetHints":{"allow":["GET"]}}],"collection":[{"href":"https:\/\/kingarms.ee\/lt\/wp-json\/wp\/v2\/product"}],"about":[{"href":"https:\/\/kingarms.ee\/lt\/wp-json\/wp\/v2\/types\/product"}],"wp:featuredmedia":[{"embeddable":true,"href":"https:\/\/kingarms.ee\/lt\/wp-json\/wp\/v2\/media\/140029"}],"wp:attachment":[{"href":"https:\/\/kingarms.ee\/lt\/wp-json\/wp\/v2\/media?parent=141037"}],"wp:term":[{"taxonomy":"product_brand","embeddable":true,"href":"https:\/\/kingarms.ee\/lt\/wp-json\/wp\/v2\/product_brand?post=141037"},{"taxonomy":"product_cat","embeddable":true,"href":"https:\/\/kingarms.ee\/lt\/wp-json\/wp\/v2\/product_cat?post=141037"},{"taxonomy":"product_tag","embeddable":true,"href":"https:\/\/kingarms.ee\/lt\/wp-json\/wp\/v2\/product_tag?post=141037"}],"curies":[{"name":"wp","href":"https:\/\/api.w.org\/{rel}","templated":true}]}}