{"id":141039,"date":"2024-12-06T16:38:08","date_gmt":"2024-12-09T08:40:54","guid":{"rendered":"https:\/\/kingarms.ee\/product\/dekoratyvus-kardas-zs9407\/"},"modified":"2024-12-09T11:40:54","modified_gmt":"2024-12-09T08:40:54","slug":"dekoratyvinis-sword-zs9407s","status":"publish","type":"product","link":"https:\/\/kingarms.ee\/lt\/product\/dekoratyvinis-sword-zs9407s\/","title":{"rendered":"Dekoratyvus kardas (ZS9407)"},"content":{"rendered":"<p>Dekoratyvus kardas (ZS9407)<\/p>\n<p>\u201eSpada Fantasy Ornamentale\u201c<br \/>\n\u012ekv\u0117ptas Leonidos kardo i\u0161 300 film\u0173<br \/>\nBendras Lenght 76 cm<br \/>\nLenght Blade 58cm<br \/>\nOdiniame d\u0117kle<br \/>\nPlieninis a\u0161menys<\/p>\n<p>Ne a\u0161triau ir nery\u0161kus a\u0161menis<br \/>\nPrie\u0161 pirkdami patikrinkite savo \u0161alies reglament\u0105<\/p>\n","protected":false},"excerpt":{"rendered":"<p>Dekoratyvus kardas (ZS9407) \u201eSpada Fantasy Ornamentale\u201c \u012ekv\u0117ptas Leonidos kardo i\u0161 300 film\u0173 Bendras Lenght 76 cm Lenght Blade 58cm Odiniame<\/p>\n","protected":false},"featured_media":140035,"template":"","meta":{"_acf_changed":false},"product_brand":[],"product_cat":[1312,1247],"product_tag":[],"class_list":{"0":"post-141039","1":"product","2":"type-product","3":"status-publish","4":"has-post-thumbnail","6":"product_cat-kardai","7":"product_cat-kita","9":"first","10":"instock","11":"purchasable","12":"product-type-simple"},"acf":[],"_links":{"self":[{"href":"https:\/\/kingarms.ee\/lt\/wp-json\/wp\/v2\/product\/141039","targetHints":{"allow":["GET"]}}],"collection":[{"href":"https:\/\/kingarms.ee\/lt\/wp-json\/wp\/v2\/product"}],"about":[{"href":"https:\/\/kingarms.ee\/lt\/wp-json\/wp\/v2\/types\/product"}],"wp:featuredmedia":[{"embeddable":true,"href":"https:\/\/kingarms.ee\/lt\/wp-json\/wp\/v2\/media\/140035"}],"wp:attachment":[{"href":"https:\/\/kingarms.ee\/lt\/wp-json\/wp\/v2\/media?parent=141039"}],"wp:term":[{"taxonomy":"product_brand","embeddable":true,"href":"https:\/\/kingarms.ee\/lt\/wp-json\/wp\/v2\/product_brand?post=141039"},{"taxonomy":"product_cat","embeddable":true,"href":"https:\/\/kingarms.ee\/lt\/wp-json\/wp\/v2\/product_cat?post=141039"},{"taxonomy":"product_tag","embeddable":true,"href":"https:\/\/kingarms.ee\/lt\/wp-json\/wp\/v2\/product_tag?post=141039"}],"curies":[{"name":"wp","href":"https:\/\/api.w.org\/{rel}","templated":true}]}}