{"id":141048,"date":"2024-12-06T16:38:08","date_gmt":"2024-12-09T08:40:55","guid":{"rendered":"https:\/\/kingarms.ee\/product\/dekoratyvinis-kardas-zs694\/"},"modified":"2024-12-09T11:40:55","modified_gmt":"2024-12-09T08:40:55","slug":"dekoratyvinis-sword-zs694","status":"publish","type":"product","link":"https:\/\/kingarms.ee\/lt\/product\/dekoratyvinis-sword-zs694\/","title":{"rendered":"Dekoratyvinis kardas (ZS694)"},"content":{"rendered":"<p>Dekoratyvinis kardas (ZS694)<\/p>\n<p>Dekoratyvinis kardas<br \/>\n\u012ekv\u0117ptas \u201eLink\u201c m\u0117lynojo pagrindinio kardo<br \/>\nZelda Serie<br \/>\nPlieninis a\u0161menys<br \/>\nOda padengta mediniu apvalkalu<br \/>\nMetalin\u0117 apsauga ir ranken\u0117l\u0117<br \/>\nBendras 1000 mm ilgis (1090 mm su apvalkalu)<br \/>\nA\u0161men\u0173 ilgis 680 mm<br \/>\nSvoris 1240G (1850 g su apvalkalu)<\/p>\n<p>Nery\u0161kus ir nepamir\u0161tas a\u0161menys, tik dekoratyviniams tikslams<br \/>\nPrie\u0161 pirkdami patikrinkite savo \u0161alies reglament\u0105<\/p>\n","protected":false},"excerpt":{"rendered":"<p>Dekoratyvinis kardas (ZS694) Dekoratyvinis kardas \u012ekv\u0117ptas \u201eLink\u201c m\u0117lynojo pagrindinio kardo Zelda Serie Plieninis a\u0161menys Oda padengta mediniu apvalkalu Metalin\u0117 apsauga<\/p>\n","protected":false},"featured_media":139675,"template":"","meta":{"_acf_changed":false},"product_brand":[],"product_cat":[1312,1247],"product_tag":[],"class_list":{"0":"post-141048","1":"product","2":"type-product","3":"status-publish","4":"has-post-thumbnail","6":"product_cat-kardai","7":"product_cat-kita","9":"first","10":"instock","11":"purchasable","12":"product-type-simple"},"acf":[],"_links":{"self":[{"href":"https:\/\/kingarms.ee\/lt\/wp-json\/wp\/v2\/product\/141048","targetHints":{"allow":["GET"]}}],"collection":[{"href":"https:\/\/kingarms.ee\/lt\/wp-json\/wp\/v2\/product"}],"about":[{"href":"https:\/\/kingarms.ee\/lt\/wp-json\/wp\/v2\/types\/product"}],"wp:featuredmedia":[{"embeddable":true,"href":"https:\/\/kingarms.ee\/lt\/wp-json\/wp\/v2\/media\/139675"}],"wp:attachment":[{"href":"https:\/\/kingarms.ee\/lt\/wp-json\/wp\/v2\/media?parent=141048"}],"wp:term":[{"taxonomy":"product_brand","embeddable":true,"href":"https:\/\/kingarms.ee\/lt\/wp-json\/wp\/v2\/product_brand?post=141048"},{"taxonomy":"product_cat","embeddable":true,"href":"https:\/\/kingarms.ee\/lt\/wp-json\/wp\/v2\/product_cat?post=141048"},{"taxonomy":"product_tag","embeddable":true,"href":"https:\/\/kingarms.ee\/lt\/wp-json\/wp\/v2\/product_tag?post=141048"}],"curies":[{"name":"wp","href":"https:\/\/api.w.org\/{rel}","templated":true}]}}