{"id":141061,"date":"2024-12-06T16:37:47","date_gmt":"2024-12-09T08:40:58","guid":{"rendered":"https:\/\/kingarms.ee\/product\/dekoratyvus-kardas-iki-147c\/"},"modified":"2024-12-09T11:40:58","modified_gmt":"2024-12-09T08:40:58","slug":"ornamental-sword-by-147c","status":"publish","type":"product","link":"https:\/\/kingarms.ee\/lt\/product\/ornamental-sword-by-147c\/","title":{"rendered":"Dekoratyvus kardas (iki 147c)"},"content":{"rendered":"<p>Dekoratyvus kardas (iki 147c)<\/p>\n<p>Dekoratyvinis kardas<br \/>\n\u012ekv\u0117ptas Sangheili 1 tipo energijos kard\u0173 m\u0117lynas<br \/>\nHalo serija<br \/>\nPlieniniai a\u0161menys<br \/>\nPlastikin\u0117 rankena<br \/>\n\u012etrauktas \u201eWodden Wall Stand\u201c<br \/>\nA\u0161men\u0173 ilgis 570 mm<br \/>\nBendras ilgis 680 mm<br \/>\nSvoris 1025 g<\/p>\n<p>Nery\u0161kus ir nepamir\u0161tas a\u0161menys, tik dekoratyviniams tikslams<br \/>\nPrie\u0161 pirkdami patikrinkite savo \u0161alies reglament\u0105<\/p>\n","protected":false},"excerpt":{"rendered":"<p>Dekoratyvus kardas (iki 147c) Dekoratyvinis kardas \u012ekv\u0117ptas Sangheili 1 tipo energijos kard\u0173 m\u0117lynas Halo serija Plieniniai a\u0161menys Plastikin\u0117 rankena \u012etrauktas<\/p>\n","protected":false},"featured_media":138925,"template":"","meta":{"_acf_changed":false},"product_brand":[],"product_cat":[1312,1247],"product_tag":[],"class_list":{"0":"post-141061","1":"product","2":"type-product","3":"status-publish","4":"has-post-thumbnail","6":"product_cat-kardai","7":"product_cat-kita","9":"first","10":"instock","11":"purchasable","12":"product-type-simple"},"acf":[],"_links":{"self":[{"href":"https:\/\/kingarms.ee\/lt\/wp-json\/wp\/v2\/product\/141061","targetHints":{"allow":["GET"]}}],"collection":[{"href":"https:\/\/kingarms.ee\/lt\/wp-json\/wp\/v2\/product"}],"about":[{"href":"https:\/\/kingarms.ee\/lt\/wp-json\/wp\/v2\/types\/product"}],"wp:featuredmedia":[{"embeddable":true,"href":"https:\/\/kingarms.ee\/lt\/wp-json\/wp\/v2\/media\/138925"}],"wp:attachment":[{"href":"https:\/\/kingarms.ee\/lt\/wp-json\/wp\/v2\/media?parent=141061"}],"wp:term":[{"taxonomy":"product_brand","embeddable":true,"href":"https:\/\/kingarms.ee\/lt\/wp-json\/wp\/v2\/product_brand?post=141061"},{"taxonomy":"product_cat","embeddable":true,"href":"https:\/\/kingarms.ee\/lt\/wp-json\/wp\/v2\/product_cat?post=141061"},{"taxonomy":"product_tag","embeddable":true,"href":"https:\/\/kingarms.ee\/lt\/wp-json\/wp\/v2\/product_tag?post=141061"}],"curies":[{"name":"wp","href":"https:\/\/api.w.org\/{rel}","templated":true}]}}