{"id":141073,"date":"2024-12-06T16:37:47","date_gmt":"2024-12-09T08:41:02","guid":{"rendered":"https:\/\/kingarms.ee\/product\/dekoratyvinis-kardas-zs163\/"},"modified":"2024-12-09T11:41:02","modified_gmt":"2024-12-09T08:41:02","slug":"dekoratyvinis-sword-zs163","status":"publish","type":"product","link":"https:\/\/kingarms.ee\/lt\/product\/dekoratyvinis-sword-zs163\/","title":{"rendered":"Dekoratyvinis kardas (ZS163)"},"content":{"rendered":"<p>Dekoratyvinis kardas (ZS163)<\/p>\n<p>Dekoratyvinis kardas<br \/>\n\u012ekv\u0117ptas Nero raudonosios karalien\u0117s kardo<br \/>\n\u201eDevil May Cry\u201c serija<br \/>\nPlieninis a\u0161menys<br \/>\nPlastikin\u0117 apsauga<br \/>\nMetalin\u0117 ranken\u0117l\u0117<br \/>\nPridedamas medinis stalo stovas<br \/>\nA\u0161men\u0173 ilgis 955 mm<br \/>\nBendras ilgis 1260 mm<br \/>\nSvoris 1995G<\/p>\n<p>Nery\u0161kus ir nepamir\u0161tas a\u0161menys, tik dekoratyviniams tikslams<br \/>\nPrie\u0161 pirkdami patikrinkite savo \u0161alies reglament\u0105<\/p>\n","protected":false},"excerpt":{"rendered":"<p>Dekoratyvinis kardas (ZS163) Dekoratyvinis kardas \u012ekv\u0117ptas Nero raudonosios karalien\u0117s kardo \u201eDevil May Cry\u201c serija Plieninis a\u0161menys Plastikin\u0117 apsauga Metalin\u0117 ranken\u0117l\u0117<\/p>\n","protected":false},"featured_media":139279,"template":"","meta":{"_acf_changed":false},"product_brand":[],"product_cat":[1312,1247],"product_tag":[],"class_list":{"0":"post-141073","1":"product","2":"type-product","3":"status-publish","4":"has-post-thumbnail","6":"product_cat-kardai","7":"product_cat-kita","9":"first","10":"instock","11":"purchasable","12":"product-type-simple"},"acf":[],"_links":{"self":[{"href":"https:\/\/kingarms.ee\/lt\/wp-json\/wp\/v2\/product\/141073","targetHints":{"allow":["GET"]}}],"collection":[{"href":"https:\/\/kingarms.ee\/lt\/wp-json\/wp\/v2\/product"}],"about":[{"href":"https:\/\/kingarms.ee\/lt\/wp-json\/wp\/v2\/types\/product"}],"wp:featuredmedia":[{"embeddable":true,"href":"https:\/\/kingarms.ee\/lt\/wp-json\/wp\/v2\/media\/139279"}],"wp:attachment":[{"href":"https:\/\/kingarms.ee\/lt\/wp-json\/wp\/v2\/media?parent=141073"}],"wp:term":[{"taxonomy":"product_brand","embeddable":true,"href":"https:\/\/kingarms.ee\/lt\/wp-json\/wp\/v2\/product_brand?post=141073"},{"taxonomy":"product_cat","embeddable":true,"href":"https:\/\/kingarms.ee\/lt\/wp-json\/wp\/v2\/product_cat?post=141073"},{"taxonomy":"product_tag","embeddable":true,"href":"https:\/\/kingarms.ee\/lt\/wp-json\/wp\/v2\/product_tag?post=141073"}],"curies":[{"name":"wp","href":"https:\/\/api.w.org\/{rel}","templated":true}]}}