{"id":141086,"date":"2024-12-06T16:37:47","date_gmt":"2024-12-09T08:41:42","guid":{"rendered":"https:\/\/kingarms.ee\/product\/dekoratyvinis-asmenys-zs141\/"},"modified":"2024-12-09T11:41:42","modified_gmt":"2024-12-09T08:41:42","slug":"ornamental-blade-zs141","status":"publish","type":"product","link":"https:\/\/kingarms.ee\/lt\/product\/ornamental-blade-zs141\/","title":{"rendered":"Dekoratyvinis a\u0161menys (ZS141)"},"content":{"rendered":"<p>Dekoratyvinis a\u0161menys (ZS141)<\/p>\n<p>Dekoratyvinis kirvis<br \/>\n\u012ekv\u0117ptas Azzinoth&#8217;s Warglaive<br \/>\n\u201eWorld of Warcraft\u201c serija<br \/>\nMetalo konstrukcija<br \/>\nPridedamas medinis sienos stovas<br \/>\nPlotis 1240 mm<br \/>\nSvoris 4.595 g<\/p>\n<p>Nery\u0161kus ir nepamir\u0161tas a\u0161menys, tik dekoratyviniams tikslams<br \/>\nPrie\u0161 pirkdami patikrinkite savo \u0161alies reglament\u0105<\/p>\n","protected":false},"excerpt":{"rendered":"<p>Dekoratyvinis a\u0161menys (ZS141) Dekoratyvinis kirvis \u012ekv\u0117ptas Azzinoth&#8217;s Warglaive \u201eWorld of Warcraft\u201c serija Metalo konstrukcija Pridedamas medinis sienos stovas Plotis 1240<\/p>\n","protected":false},"featured_media":139231,"template":"","meta":{"_acf_changed":false},"product_brand":[],"product_cat":[1312,1247],"product_tag":[],"class_list":{"0":"post-141086","1":"product","2":"type-product","3":"status-publish","4":"has-post-thumbnail","6":"product_cat-kardai","7":"product_cat-kita","9":"first","10":"instock","11":"purchasable","12":"product-type-simple"},"acf":[],"_links":{"self":[{"href":"https:\/\/kingarms.ee\/lt\/wp-json\/wp\/v2\/product\/141086","targetHints":{"allow":["GET"]}}],"collection":[{"href":"https:\/\/kingarms.ee\/lt\/wp-json\/wp\/v2\/product"}],"about":[{"href":"https:\/\/kingarms.ee\/lt\/wp-json\/wp\/v2\/types\/product"}],"wp:featuredmedia":[{"embeddable":true,"href":"https:\/\/kingarms.ee\/lt\/wp-json\/wp\/v2\/media\/139231"}],"wp:attachment":[{"href":"https:\/\/kingarms.ee\/lt\/wp-json\/wp\/v2\/media?parent=141086"}],"wp:term":[{"taxonomy":"product_brand","embeddable":true,"href":"https:\/\/kingarms.ee\/lt\/wp-json\/wp\/v2\/product_brand?post=141086"},{"taxonomy":"product_cat","embeddable":true,"href":"https:\/\/kingarms.ee\/lt\/wp-json\/wp\/v2\/product_cat?post=141086"},{"taxonomy":"product_tag","embeddable":true,"href":"https:\/\/kingarms.ee\/lt\/wp-json\/wp\/v2\/product_tag?post=141086"}],"curies":[{"name":"wp","href":"https:\/\/api.w.org\/{rel}","templated":true}]}}