{"id":141109,"date":"2024-12-06T16:38:30","date_gmt":"2024-12-09T09:07:47","guid":{"rendered":"https:\/\/kingarms.ee\/product\/dekoratyvinis-fantazijos-kardas-zs634-g\/"},"modified":"2024-12-09T12:07:47","modified_gmt":"2024-12-09T09:07:47","slug":"dekoratyvinis-fantastinis-sword-zs634-g","status":"publish","type":"product","link":"https:\/\/kingarms.ee\/lt\/product\/dekoratyvinis-fantastinis-sword-zs634-g\/","title":{"rendered":"Dekoratyvinis fantazijos kardas (ZS634-G)"},"content":{"rendered":"<p>Dekoratyvinis fantazijos kardas (ZS634-G)<\/p>\n<p>Dekoratyvinis fantazijos kardas<br \/>\n\u201eWonder Woman\u201c serija<br \/>\nPolimero ir metalin\u0117 rankena<br \/>\nMetalinis a\u0161menys<br \/>\n\u201eLeatherett\u201c vir\u0161elis su dir\u017eeliu<br \/>\nBendras ilgis 1040 mm<br \/>\nA\u0161men\u0173 ilgis 788 mm<br \/>\nSvoris 1255 g<\/p>\n<p>Nery\u0161kus ir nepamir\u0161tas a\u0161menys, tik dekoratyviniams tikslams<br \/>\nPrie\u0161 pirkdami patikrinkite savo \u0161alies reglament\u0105<\/p>\n","protected":false},"excerpt":{"rendered":"<p>Dekoratyvinis fantazijos kardas (ZS634-G) Dekoratyvinis fantazijos kardas \u201eWonder Woman\u201c serija Polimero ir metalin\u0117 rankena Metalinis a\u0161menys \u201eLeatherett\u201c vir\u0161elis su dir\u017eeliu<\/p>\n","protected":false},"featured_media":139495,"template":"","meta":{"_acf_changed":false},"product_brand":[],"product_cat":[1312,1247],"product_tag":[],"class_list":{"0":"post-141109","1":"product","2":"type-product","3":"status-publish","4":"has-post-thumbnail","6":"product_cat-kardai","7":"product_cat-kita","9":"first","10":"instock","11":"purchasable","12":"product-type-simple"},"acf":[],"_links":{"self":[{"href":"https:\/\/kingarms.ee\/lt\/wp-json\/wp\/v2\/product\/141109","targetHints":{"allow":["GET"]}}],"collection":[{"href":"https:\/\/kingarms.ee\/lt\/wp-json\/wp\/v2\/product"}],"about":[{"href":"https:\/\/kingarms.ee\/lt\/wp-json\/wp\/v2\/types\/product"}],"wp:featuredmedia":[{"embeddable":true,"href":"https:\/\/kingarms.ee\/lt\/wp-json\/wp\/v2\/media\/139495"}],"wp:attachment":[{"href":"https:\/\/kingarms.ee\/lt\/wp-json\/wp\/v2\/media?parent=141109"}],"wp:term":[{"taxonomy":"product_brand","embeddable":true,"href":"https:\/\/kingarms.ee\/lt\/wp-json\/wp\/v2\/product_brand?post=141109"},{"taxonomy":"product_cat","embeddable":true,"href":"https:\/\/kingarms.ee\/lt\/wp-json\/wp\/v2\/product_cat?post=141109"},{"taxonomy":"product_tag","embeddable":true,"href":"https:\/\/kingarms.ee\/lt\/wp-json\/wp\/v2\/product_tag?post=141109"}],"curies":[{"name":"wp","href":"https:\/\/api.w.org\/{rel}","templated":true}]}}