{"id":141124,"date":"2024-12-06T16:38:08","date_gmt":"2024-12-09T09:18:02","guid":{"rendered":"https:\/\/kingarms.ee\/product\/dekoratyvus-kardas-zs6033sr-2\/"},"modified":"2024-12-09T12:18:02","modified_gmt":"2024-12-09T09:18:02","slug":"dekoratyvinis-sword-zs6033sr-2","status":"publish","type":"product","link":"https:\/\/kingarms.ee\/lt\/product\/dekoratyvinis-sword-zs6033sr-2\/","title":{"rendered":"Dekoratyvus kardas (ZS6033SR-2)"},"content":{"rendered":"<p>Dekoratyvus kardas (ZS6033SR-2)<\/p>\n<p>Dekoratyvinis kardas<br \/>\n\u012ekv\u0117ptas tradicinio Hano dinastijos kardo<br \/>\nPlieninis a\u0161menys<br \/>\nMedinis apvalkalas<br \/>\nMedin\u0117 ir metalin\u0117 rankena<br \/>\nMetalin\u0117 apsauga ir ranken\u0117l\u0117<br \/>\nA\u0161men\u0173 ilgis 710 mm<br \/>\nBendras ilgis 965 mm (1040 mm su apvalkalu)<br \/>\nSvoris 1075 g (1455 g su apvalkalu)<\/p>\n<p>Nery\u0161kus ir nepamir\u0161tas a\u0161menys, tik dekoratyviniams tikslams<br \/>\nPrie\u0161 pirkdami patikrinkite savo \u0161alies reglament\u0105<\/p>\n","protected":false},"excerpt":{"rendered":"<p>Dekoratyvus kardas (ZS6033SR-2) Dekoratyvinis kardas \u012ekv\u0117ptas tradicinio Hano dinastijos kardo Plieninis a\u0161menys Medinis apvalkalas Medin\u0117 ir metalin\u0117 rankena Metalin\u0117 apsauga<\/p>\n","protected":false},"featured_media":139867,"template":"","meta":{"_acf_changed":false},"product_brand":[],"product_cat":[1312,1247],"product_tag":[],"class_list":{"0":"post-141124","1":"product","2":"type-product","3":"status-publish","4":"has-post-thumbnail","6":"product_cat-kardai","7":"product_cat-kita","9":"first","10":"instock","11":"purchasable","12":"product-type-simple"},"acf":[],"_links":{"self":[{"href":"https:\/\/kingarms.ee\/lt\/wp-json\/wp\/v2\/product\/141124","targetHints":{"allow":["GET"]}}],"collection":[{"href":"https:\/\/kingarms.ee\/lt\/wp-json\/wp\/v2\/product"}],"about":[{"href":"https:\/\/kingarms.ee\/lt\/wp-json\/wp\/v2\/types\/product"}],"wp:featuredmedia":[{"embeddable":true,"href":"https:\/\/kingarms.ee\/lt\/wp-json\/wp\/v2\/media\/139867"}],"wp:attachment":[{"href":"https:\/\/kingarms.ee\/lt\/wp-json\/wp\/v2\/media?parent=141124"}],"wp:term":[{"taxonomy":"product_brand","embeddable":true,"href":"https:\/\/kingarms.ee\/lt\/wp-json\/wp\/v2\/product_brand?post=141124"},{"taxonomy":"product_cat","embeddable":true,"href":"https:\/\/kingarms.ee\/lt\/wp-json\/wp\/v2\/product_cat?post=141124"},{"taxonomy":"product_tag","embeddable":true,"href":"https:\/\/kingarms.ee\/lt\/wp-json\/wp\/v2\/product_tag?post=141124"}],"curies":[{"name":"wp","href":"https:\/\/api.w.org\/{rel}","templated":true}]}}