{"id":141126,"date":"2024-12-06T16:38:08","date_gmt":"2024-12-09T09:18:03","guid":{"rendered":"https:\/\/kingarms.ee\/product\/dekoratyvus-kardas-zs6030gt\/"},"modified":"2024-12-09T12:18:03","modified_gmt":"2024-12-09T09:18:03","slug":"dekoratyvinis-sword-zs6030gt","status":"publish","type":"product","link":"https:\/\/kingarms.ee\/lt\/product\/dekoratyvinis-sword-zs6030gt\/","title":{"rendered":"Dekoratyvus kardas (ZS6030GT)"},"content":{"rendered":"<p>Dekoratyvus kardas (ZS6030GT)<\/p>\n<p>Dekoratyvinis kardas<br \/>\n\u012ekv\u0117ptas tradicinio Tango dinastijos kardo<br \/>\nPlieninis a\u0161menys<br \/>\nOdos dengta medin\u0117 rankena<br \/>\nMedinis apvalkalas<br \/>\nMetalin\u0117 apsauga ir ranken\u0117l\u0117<br \/>\nA\u0161men\u0173 ilgis 710 mm<br \/>\nBendras ilgis 1065 (1115 mm su apvalkalu)<br \/>\nSvoris 1455G (1950G su apvalkalu)<\/p>\n<p>Nery\u0161kus ir nepamir\u0161tas a\u0161menys, tik dekoratyviniams tikslams<br \/>\nPrie\u0161 pirkdami patikrinkite savo \u0161alies reglament\u0105<\/p>\n","protected":false},"excerpt":{"rendered":"<p>Dekoratyvus kardas (ZS6030GT) Dekoratyvinis kardas \u012ekv\u0117ptas tradicinio Tango dinastijos kardo Plieninis a\u0161menys Odos dengta medin\u0117 rankena Medinis apvalkalas Metalin\u0117 apsauga<\/p>\n","protected":false},"featured_media":139855,"template":"","meta":{"_acf_changed":false},"product_brand":[],"product_cat":[1312,1247],"product_tag":[],"class_list":{"0":"post-141126","1":"product","2":"type-product","3":"status-publish","4":"has-post-thumbnail","6":"product_cat-kardai","7":"product_cat-kita","9":"first","10":"instock","11":"purchasable","12":"product-type-simple"},"acf":[],"_links":{"self":[{"href":"https:\/\/kingarms.ee\/lt\/wp-json\/wp\/v2\/product\/141126","targetHints":{"allow":["GET"]}}],"collection":[{"href":"https:\/\/kingarms.ee\/lt\/wp-json\/wp\/v2\/product"}],"about":[{"href":"https:\/\/kingarms.ee\/lt\/wp-json\/wp\/v2\/types\/product"}],"wp:featuredmedia":[{"embeddable":true,"href":"https:\/\/kingarms.ee\/lt\/wp-json\/wp\/v2\/media\/139855"}],"wp:attachment":[{"href":"https:\/\/kingarms.ee\/lt\/wp-json\/wp\/v2\/media?parent=141126"}],"wp:term":[{"taxonomy":"product_brand","embeddable":true,"href":"https:\/\/kingarms.ee\/lt\/wp-json\/wp\/v2\/product_brand?post=141126"},{"taxonomy":"product_cat","embeddable":true,"href":"https:\/\/kingarms.ee\/lt\/wp-json\/wp\/v2\/product_cat?post=141126"},{"taxonomy":"product_tag","embeddable":true,"href":"https:\/\/kingarms.ee\/lt\/wp-json\/wp\/v2\/product_tag?post=141126"}],"curies":[{"name":"wp","href":"https:\/\/api.w.org\/{rel}","templated":true}]}}