{"id":141142,"date":"2024-12-06T16:38:30","date_gmt":"2024-12-09T10:32:44","guid":{"rendered":"https:\/\/kingarms.ee\/product\/dekoratyvinis-fantazijos-kardas-zs684\/"},"modified":"2024-12-09T13:32:44","modified_gmt":"2024-12-09T10:32:44","slug":"dekoratyvinis-fantastinis-sword-zs684","status":"publish","type":"product","link":"https:\/\/kingarms.ee\/lt\/product\/dekoratyvinis-fantastinis-sword-zs684\/","title":{"rendered":"Dekoratyvinis fantazijos kardas (ZS684)"},"content":{"rendered":"<p>Dekoratyvinis fantazijos kardas (ZS684)<\/p>\n<p>Dekoratyvinis fantazijos kardas<br \/>\n\u012ekv\u0117ptas Ichigo Kurosaki \u201eBankai Zanpakuto Zangetsu\u201c kardas<br \/>\n\u201eBleach Anime\u201c serija<br \/>\nPlieninis a\u0161menys<br \/>\nMedin\u0117 rankena<br \/>\n\u201eLetherette Scababrd\u201c<br \/>\nBendras ilgis 910 mm<br \/>\nA\u0161men\u0173 ilgis 635 mm<br \/>\nPeso 1820G (2030G Con Fodero)<\/p>\n<p>Ne a\u0161triau ir nery\u0161kus a\u0161menis<br \/>\nPrie\u0161 pirkdami patikrinkite savo \u0161alies reglament\u0105<\/p>\n","protected":false},"excerpt":{"rendered":"<p>Dekoratyvinis fantazijos kardas (ZS684) Dekoratyvinis fantazijos kardas \u012ekv\u0117ptas Ichigo Kurosaki \u201eBankai Zanpakuto Zangetsu\u201c kardas \u201eBleach Anime\u201c serija Plieninis a\u0161menys Medin\u0117<\/p>\n","protected":false},"featured_media":140374,"template":"","meta":{"_acf_changed":false},"product_brand":[],"product_cat":[1312,1247],"product_tag":[],"class_list":{"0":"post-141142","1":"product","2":"type-product","3":"status-publish","4":"has-post-thumbnail","6":"product_cat-kardai","7":"product_cat-kita","9":"first","10":"instock","11":"purchasable","12":"product-type-simple"},"acf":[],"_links":{"self":[{"href":"https:\/\/kingarms.ee\/lt\/wp-json\/wp\/v2\/product\/141142","targetHints":{"allow":["GET"]}}],"collection":[{"href":"https:\/\/kingarms.ee\/lt\/wp-json\/wp\/v2\/product"}],"about":[{"href":"https:\/\/kingarms.ee\/lt\/wp-json\/wp\/v2\/types\/product"}],"wp:featuredmedia":[{"embeddable":true,"href":"https:\/\/kingarms.ee\/lt\/wp-json\/wp\/v2\/media\/140374"}],"wp:attachment":[{"href":"https:\/\/kingarms.ee\/lt\/wp-json\/wp\/v2\/media?parent=141142"}],"wp:term":[{"taxonomy":"product_brand","embeddable":true,"href":"https:\/\/kingarms.ee\/lt\/wp-json\/wp\/v2\/product_brand?post=141142"},{"taxonomy":"product_cat","embeddable":true,"href":"https:\/\/kingarms.ee\/lt\/wp-json\/wp\/v2\/product_cat?post=141142"},{"taxonomy":"product_tag","embeddable":true,"href":"https:\/\/kingarms.ee\/lt\/wp-json\/wp\/v2\/product_tag?post=141142"}],"curies":[{"name":"wp","href":"https:\/\/api.w.org\/{rel}","templated":true}]}}