{"id":141150,"date":"2024-12-06T16:38:30","date_gmt":"2024-12-09T10:34:00","guid":{"rendered":"https:\/\/kingarms.ee\/product\/dekoratyvinis-fantazijos-kardas-su-bambuko-asmenimis-zs678wd\/"},"modified":"2024-12-09T13:34:00","modified_gmt":"2024-12-09T10:34:00","slug":"dekoratyvinis-fantastinis-sword-with-bamboo-blade-zs678wd","status":"publish","type":"product","link":"https:\/\/kingarms.ee\/lt\/product\/dekoratyvinis-fantastinis-sword-with-bamboo-blade-zs678wd\/","title":{"rendered":"Dekoratyvinis fantazijos kardas su bambuko a\u0161menimis (ZS678WD)"},"content":{"rendered":"<p>Dekoratyvinis fantazijos kardas su bambuko a\u0161menimis (ZS678WD)<\/p>\n<p>Dekoratyvinis fantazijos kardas<br \/>\n\u012ekv\u0117ptas Tengeno Uzui kalavijo<br \/>\nAnime serijos demon\u0173 \u017eudikas: kimetsu no yaiba<br \/>\nBambuko a\u0161menys ir rankena<br \/>\nPlastikin\u0117 apsauga<br \/>\nPlastikin\u0117 ranken\u0117l\u0117 ir grandin\u0117<br \/>\nLetherette Scabbard<br \/>\nA\u0161men\u0173 ilgis 585 mm<br \/>\nBendras ilgis 865 mm<br \/>\nSvoris 350 g (590 g su Scabbard)<\/p>\n<p>Blunt ir nepabandytas bambuko a\u0161menys, tik dekoratyviniams tikslams<br \/>\nPrie\u0161 pirkdami patikrinkite savo \u0161alies reglament\u0105<\/p>\n","protected":false},"excerpt":{"rendered":"<p>Dekoratyvinis fantazijos kardas su bambuko a\u0161menimis (ZS678WD) Dekoratyvinis fantazijos kardas \u012ekv\u0117ptas Tengeno Uzui kalavijo Anime serijos demon\u0173 \u017eudikas: kimetsu no<\/p>\n","protected":false},"featured_media":139633,"template":"","meta":{"_acf_changed":false},"product_brand":[],"product_cat":[1312,1247],"product_tag":[],"class_list":{"0":"post-141150","1":"product","2":"type-product","3":"status-publish","4":"has-post-thumbnail","6":"product_cat-kardai","7":"product_cat-kita","9":"first","10":"instock","11":"purchasable","12":"product-type-simple"},"acf":[],"_links":{"self":[{"href":"https:\/\/kingarms.ee\/lt\/wp-json\/wp\/v2\/product\/141150","targetHints":{"allow":["GET"]}}],"collection":[{"href":"https:\/\/kingarms.ee\/lt\/wp-json\/wp\/v2\/product"}],"about":[{"href":"https:\/\/kingarms.ee\/lt\/wp-json\/wp\/v2\/types\/product"}],"wp:featuredmedia":[{"embeddable":true,"href":"https:\/\/kingarms.ee\/lt\/wp-json\/wp\/v2\/media\/139633"}],"wp:attachment":[{"href":"https:\/\/kingarms.ee\/lt\/wp-json\/wp\/v2\/media?parent=141150"}],"wp:term":[{"taxonomy":"product_brand","embeddable":true,"href":"https:\/\/kingarms.ee\/lt\/wp-json\/wp\/v2\/product_brand?post=141150"},{"taxonomy":"product_cat","embeddable":true,"href":"https:\/\/kingarms.ee\/lt\/wp-json\/wp\/v2\/product_cat?post=141150"},{"taxonomy":"product_tag","embeddable":true,"href":"https:\/\/kingarms.ee\/lt\/wp-json\/wp\/v2\/product_tag?post=141150"}],"curies":[{"name":"wp","href":"https:\/\/api.w.org\/{rel}","templated":true}]}}