{"id":141184,"date":"2024-12-06T16:37:47","date_gmt":"2024-12-09T10:42:13","guid":{"rendered":"https:\/\/kingarms.ee\/product\/dekoratyvus-kardas-by-091b\/"},"modified":"2024-12-09T13:42:13","modified_gmt":"2024-12-09T10:42:13","slug":"dekoratyvinis-zodis-pagal-091b","status":"publish","type":"product","link":"https:\/\/kingarms.ee\/lt\/product\/dekoratyvinis-zodis-pagal-091b\/","title":{"rendered":"Dekoratyvus kardas (BY-091B)"},"content":{"rendered":"<p>Dekoratyvus kardas (BY-091B)<\/p>\n<p>Dekoratyvinis kardas<br \/>\n\u012ekv\u0117ptas kazok\u0173 \u0160a\u0161ka Sabre<br \/>\nPlieninis a\u0161menys<br \/>\nMedin\u0117 skabarda su metalin\u0117mis dekoracijomis<br \/>\nPlastikinis ir metalinis hiltas<br \/>\nBendras ilgis 913 mm (965 mm su \u0161a\u0161lyku)<br \/>\nA\u0161men\u0173 ilgis 765 mm<br \/>\nSvoris 715 g (1300 g su \u0161a\u0161lyku)<br \/>\n\u012etrauktas audinio dangtis<\/p>\n<p>Nery\u0161kus ir nepamir\u0161tas a\u0161menys, tik dekoratyviniams tikslams<br \/>\nPrie\u0161 pirkdami patikrinkite savo \u0161alies reglament\u0105<\/p>\n","protected":false},"excerpt":{"rendered":"<p>Dekoratyvus kardas (BY-091B) Dekoratyvinis kardas \u012ekv\u0117ptas kazok\u0173 \u0160a\u0161ka Sabre Plieninis a\u0161menys Medin\u0117 skabarda su metalin\u0117mis dekoracijomis Plastikinis ir metalinis hiltas<\/p>\n","protected":false},"featured_media":138895,"template":"","meta":{"_acf_changed":false},"product_brand":[],"product_cat":[1312,1247],"product_tag":[],"class_list":{"0":"post-141184","1":"product","2":"type-product","3":"status-publish","4":"has-post-thumbnail","6":"product_cat-kardai","7":"product_cat-kita","9":"first","10":"instock","11":"purchasable","12":"product-type-simple"},"acf":[],"_links":{"self":[{"href":"https:\/\/kingarms.ee\/lt\/wp-json\/wp\/v2\/product\/141184","targetHints":{"allow":["GET"]}}],"collection":[{"href":"https:\/\/kingarms.ee\/lt\/wp-json\/wp\/v2\/product"}],"about":[{"href":"https:\/\/kingarms.ee\/lt\/wp-json\/wp\/v2\/types\/product"}],"wp:featuredmedia":[{"embeddable":true,"href":"https:\/\/kingarms.ee\/lt\/wp-json\/wp\/v2\/media\/138895"}],"wp:attachment":[{"href":"https:\/\/kingarms.ee\/lt\/wp-json\/wp\/v2\/media?parent=141184"}],"wp:term":[{"taxonomy":"product_brand","embeddable":true,"href":"https:\/\/kingarms.ee\/lt\/wp-json\/wp\/v2\/product_brand?post=141184"},{"taxonomy":"product_cat","embeddable":true,"href":"https:\/\/kingarms.ee\/lt\/wp-json\/wp\/v2\/product_cat?post=141184"},{"taxonomy":"product_tag","embeddable":true,"href":"https:\/\/kingarms.ee\/lt\/wp-json\/wp\/v2\/product_tag?post=141184"}],"curies":[{"name":"wp","href":"https:\/\/api.w.org\/{rel}","templated":true}]}}