{"id":141223,"date":"2024-12-06T16:37:47","date_gmt":"2024-12-09T11:10:20","guid":{"rendered":"https:\/\/kingarms.ee\/product\/dekoratyvinis-kirvis-zs189\/"},"modified":"2024-12-09T14:10:20","modified_gmt":"2024-12-09T11:10:20","slug":"dekoratyvinis-asis-zs189","status":"publish","type":"product","link":"https:\/\/kingarms.ee\/lt\/product\/dekoratyvinis-asis-zs189\/","title":{"rendered":"Dekoratyvinis kirvis (ZS189)"},"content":{"rendered":"<p>Dekoratyvinis kirvis (ZS189)<\/p>\n<p>Dekoratyvinis kirvis<br \/>\n\u012ekv\u0117ptas \u201eShadowmourne Ax\u201c<br \/>\n\u201eWorld of Warcraft\u201c serija<\/p>\n<p>Nery\u0161kus ir nepamir\u0161tas a\u0161menys, tik dekoratyviniams tikslams<br \/>\nPrie\u0161 pirkdami patikrinkite savo \u0161alies reglament\u0105<\/p>\n","protected":false},"excerpt":{"rendered":"<p>Dekoratyvinis kirvis (ZS189) Dekoratyvinis kirvis \u012ekv\u0117ptas \u201eShadowmourne Ax\u201c \u201eWorld of Warcraft\u201c serija Nery\u0161kus ir nepamir\u0161tas a\u0161menys, tik dekoratyviniams tikslams Prie\u0161<\/p>\n","protected":false},"featured_media":139303,"template":"","meta":{"_acf_changed":false},"product_brand":[],"product_cat":[1312,1247],"product_tag":[],"class_list":{"0":"post-141223","1":"product","2":"type-product","3":"status-publish","4":"has-post-thumbnail","6":"product_cat-kardai","7":"product_cat-kita","9":"first","10":"instock","11":"purchasable","12":"product-type-simple"},"acf":[],"_links":{"self":[{"href":"https:\/\/kingarms.ee\/lt\/wp-json\/wp\/v2\/product\/141223","targetHints":{"allow":["GET"]}}],"collection":[{"href":"https:\/\/kingarms.ee\/lt\/wp-json\/wp\/v2\/product"}],"about":[{"href":"https:\/\/kingarms.ee\/lt\/wp-json\/wp\/v2\/types\/product"}],"wp:featuredmedia":[{"embeddable":true,"href":"https:\/\/kingarms.ee\/lt\/wp-json\/wp\/v2\/media\/139303"}],"wp:attachment":[{"href":"https:\/\/kingarms.ee\/lt\/wp-json\/wp\/v2\/media?parent=141223"}],"wp:term":[{"taxonomy":"product_brand","embeddable":true,"href":"https:\/\/kingarms.ee\/lt\/wp-json\/wp\/v2\/product_brand?post=141223"},{"taxonomy":"product_cat","embeddable":true,"href":"https:\/\/kingarms.ee\/lt\/wp-json\/wp\/v2\/product_cat?post=141223"},{"taxonomy":"product_tag","embeddable":true,"href":"https:\/\/kingarms.ee\/lt\/wp-json\/wp\/v2\/product_tag?post=141223"}],"curies":[{"name":"wp","href":"https:\/\/api.w.org\/{rel}","templated":true}]}}