{"id":141225,"date":"2024-12-06T16:37:47","date_gmt":"2024-12-09T11:10:20","guid":{"rendered":"https:\/\/kingarms.ee\/product\/dekoratyvinis-kardas-zs198\/"},"modified":"2024-12-09T14:10:20","modified_gmt":"2024-12-09T11:10:20","slug":"ornamental-sword-zs198","status":"publish","type":"product","link":"https:\/\/kingarms.ee\/lt\/product\/ornamental-sword-zs198\/","title":{"rendered":"Dekoratyvinis kardas (ZS198)"},"content":{"rendered":"<p>Dekoratyvinis kardas (ZS198)<\/p>\n<p>Dekoratyvinis kardas<br \/>\n\u012ekv\u0117ptas Licho karaliaus Frostmourne kalavijas<br \/>\n\u201eWorld of Warcraft\u201c serija<br \/>\nPlieninis a\u0161menys<br \/>\nMetalin\u0117 apsauga ir ranken\u0117l\u0117<br \/>\nPridedamas medinis sienos stovas<br \/>\nBendras ilgis 1200 mm<br \/>\nA\u0161men\u0173 ilgis 780 mm<br \/>\nSvoris 3970G<\/p>\n<p>Nery\u0161kus ir nepamir\u0161tas a\u0161menys, tik dekoratyviniams tikslams<br \/>\nPrie\u0161 pirkdami patikrinkite savo \u0161alies reglament\u0105<\/p>\n","protected":false},"excerpt":{"rendered":"<p>Dekoratyvinis kardas (ZS198) Dekoratyvinis kardas \u012ekv\u0117ptas Licho karaliaus Frostmourne kalavijas \u201eWorld of Warcraft\u201c serija Plieninis a\u0161menys Metalin\u0117 apsauga ir ranken\u0117l\u0117<\/p>\n","protected":false},"featured_media":139315,"template":"","meta":{"_acf_changed":false},"product_brand":[],"product_cat":[1312,1247],"product_tag":[],"class_list":{"0":"post-141225","1":"product","2":"type-product","3":"status-publish","4":"has-post-thumbnail","6":"product_cat-kardai","7":"product_cat-kita","9":"first","10":"instock","11":"purchasable","12":"product-type-simple"},"acf":[],"_links":{"self":[{"href":"https:\/\/kingarms.ee\/lt\/wp-json\/wp\/v2\/product\/141225","targetHints":{"allow":["GET"]}}],"collection":[{"href":"https:\/\/kingarms.ee\/lt\/wp-json\/wp\/v2\/product"}],"about":[{"href":"https:\/\/kingarms.ee\/lt\/wp-json\/wp\/v2\/types\/product"}],"wp:featuredmedia":[{"embeddable":true,"href":"https:\/\/kingarms.ee\/lt\/wp-json\/wp\/v2\/media\/139315"}],"wp:attachment":[{"href":"https:\/\/kingarms.ee\/lt\/wp-json\/wp\/v2\/media?parent=141225"}],"wp:term":[{"taxonomy":"product_brand","embeddable":true,"href":"https:\/\/kingarms.ee\/lt\/wp-json\/wp\/v2\/product_brand?post=141225"},{"taxonomy":"product_cat","embeddable":true,"href":"https:\/\/kingarms.ee\/lt\/wp-json\/wp\/v2\/product_cat?post=141225"},{"taxonomy":"product_tag","embeddable":true,"href":"https:\/\/kingarms.ee\/lt\/wp-json\/wp\/v2\/product_tag?post=141225"}],"curies":[{"name":"wp","href":"https:\/\/api.w.org\/{rel}","templated":true}]}}