{"id":141271,"date":"2024-12-06T16:37:07","date_gmt":"2024-12-09T11:19:33","guid":{"rendered":"https:\/\/kingarms.ee\/product\/dekoratyvinis-fantazijos-kardas-zs634\/"},"modified":"2024-12-09T14:19:33","modified_gmt":"2024-12-09T11:19:33","slug":"dekoratyvinis-fantazijos-sword-zs634","status":"publish","type":"product","link":"https:\/\/kingarms.ee\/lt\/product\/dekoratyvinis-fantazijos-sword-zs634\/","title":{"rendered":"Dekoratyvinis fantazijos kardas (ZS634)"},"content":{"rendered":"<p>Dekoratyvinis fantazijos kardas (ZS634)<\/p>\n<p>Dekoratyvinis fantazijos kardas<br \/>\n\u201eWonder Woman\u201c serija<br \/>\nPolimero ir metalin\u0117 rankena<br \/>\nMetalinis a\u0161menys<br \/>\n\u201eLeatherett\u201c vir\u0161elis su dir\u017eeliu<br \/>\nBendras ilgis 1040 mm<br \/>\nA\u0161men\u0173 ilgis 788 mm<\/p>\n<p>Nery\u0161kus ir nepamir\u0161tas a\u0161menys, tik dekoratyviniams tikslams<br \/>\nPrie\u0161 pirkdami patikrinkite savo \u0161alies reglament\u0105<\/p>\n","protected":false},"excerpt":{"rendered":"<p>Dekoratyvinis fantazijos kardas (ZS634) Dekoratyvinis fantazijos kardas \u201eWonder Woman\u201c serija Polimero ir metalin\u0117 rankena Metalinis a\u0161menys \u201eLeatherett\u201c vir\u0161elis su dir\u017eeliu<\/p>\n","protected":false},"featured_media":139489,"template":"","meta":{"_acf_changed":false},"product_brand":[],"product_cat":[1312,1247],"product_tag":[],"class_list":{"0":"post-141271","1":"product","2":"type-product","3":"status-publish","4":"has-post-thumbnail","6":"product_cat-kardai","7":"product_cat-kita","9":"first","10":"instock","11":"purchasable","12":"product-type-simple"},"acf":[],"_links":{"self":[{"href":"https:\/\/kingarms.ee\/lt\/wp-json\/wp\/v2\/product\/141271","targetHints":{"allow":["GET"]}}],"collection":[{"href":"https:\/\/kingarms.ee\/lt\/wp-json\/wp\/v2\/product"}],"about":[{"href":"https:\/\/kingarms.ee\/lt\/wp-json\/wp\/v2\/types\/product"}],"wp:featuredmedia":[{"embeddable":true,"href":"https:\/\/kingarms.ee\/lt\/wp-json\/wp\/v2\/media\/139489"}],"wp:attachment":[{"href":"https:\/\/kingarms.ee\/lt\/wp-json\/wp\/v2\/media?parent=141271"}],"wp:term":[{"taxonomy":"product_brand","embeddable":true,"href":"https:\/\/kingarms.ee\/lt\/wp-json\/wp\/v2\/product_brand?post=141271"},{"taxonomy":"product_cat","embeddable":true,"href":"https:\/\/kingarms.ee\/lt\/wp-json\/wp\/v2\/product_cat?post=141271"},{"taxonomy":"product_tag","embeddable":true,"href":"https:\/\/kingarms.ee\/lt\/wp-json\/wp\/v2\/product_tag?post=141271"}],"curies":[{"name":"wp","href":"https:\/\/api.w.org\/{rel}","templated":true}]}}