{"id":141276,"date":"2024-12-06T16:37:07","date_gmt":"2024-12-09T11:21:53","guid":{"rendered":"https:\/\/kingarms.ee\/product\/fantastinis-dekoratyvinis-kardas-zs641b\/"},"modified":"2024-12-09T14:25:44","modified_gmt":"2024-12-09T11:25:44","slug":"fantasy-onnamental-sword-zs641b","status":"publish","type":"product","link":"https:\/\/kingarms.ee\/lt\/product\/fantasy-onnamental-sword-zs641b\/","title":{"rendered":"Fantastinis dekoratyvinis kardas (ZS641B)"},"content":{"rendered":"<p>Fantastinis dekoratyvinis kardas (ZS641B)<\/p>\n<p>Fantastinis dekoratyvinis kardas<br \/>\n\u012ekv\u0117ptas Jono Snowo Longclawo kard\u0173<br \/>\nSost\u0173 \u017eaidim\u0173 serija<br \/>\nMetalin\u0117 ir plastikin\u0117 pakaba<br \/>\nMedienos atrama, kuri\u0105 galima pritvirtinti prie sienos<br \/>\nBendras ilgis 1070 mm<br \/>\nA\u0161men\u0173 ilgis 820 mm<br \/>\nSvoris 1560G<\/p>\n<p>Ne a\u0161triau ir nery\u0161kus a\u0161menis<br \/>\nPrie\u0161 pirkdami patikrinkite savo \u0161alies reglament\u0105<\/p>\n","protected":false},"excerpt":{"rendered":"<p>Fantastinis dekoratyvinis kardas (ZS641B) Fantastinis dekoratyvinis kardas \u012ekv\u0117ptas Jono Snowo Longclawo kard\u0173 Sost\u0173 \u017eaidim\u0173 serija Metalin\u0117 ir plastikin\u0117 pakaba Medienos<\/p>\n","protected":false},"featured_media":139537,"template":"","meta":{"_acf_changed":false},"product_brand":[],"product_cat":[1312,1247],"product_tag":[],"class_list":{"0":"post-141276","1":"product","2":"type-product","3":"status-publish","4":"has-post-thumbnail","6":"product_cat-kardai","7":"product_cat-kita","9":"first","10":"instock","11":"purchasable","12":"product-type-simple"},"acf":[],"_links":{"self":[{"href":"https:\/\/kingarms.ee\/lt\/wp-json\/wp\/v2\/product\/141276","targetHints":{"allow":["GET"]}}],"collection":[{"href":"https:\/\/kingarms.ee\/lt\/wp-json\/wp\/v2\/product"}],"about":[{"href":"https:\/\/kingarms.ee\/lt\/wp-json\/wp\/v2\/types\/product"}],"wp:featuredmedia":[{"embeddable":true,"href":"https:\/\/kingarms.ee\/lt\/wp-json\/wp\/v2\/media\/139537"}],"wp:attachment":[{"href":"https:\/\/kingarms.ee\/lt\/wp-json\/wp\/v2\/media?parent=141276"}],"wp:term":[{"taxonomy":"product_brand","embeddable":true,"href":"https:\/\/kingarms.ee\/lt\/wp-json\/wp\/v2\/product_brand?post=141276"},{"taxonomy":"product_cat","embeddable":true,"href":"https:\/\/kingarms.ee\/lt\/wp-json\/wp\/v2\/product_cat?post=141276"},{"taxonomy":"product_tag","embeddable":true,"href":"https:\/\/kingarms.ee\/lt\/wp-json\/wp\/v2\/product_tag?post=141276"}],"curies":[{"name":"wp","href":"https:\/\/api.w.org\/{rel}","templated":true}]}}