{"id":141280,"date":"2024-12-06T16:37:07","date_gmt":"2024-12-09T11:21:57","guid":{"rendered":"https:\/\/kingarms.ee\/product\/dekoratyvinis-fantazijos-kardu-damasko-efektas-zs641\/"},"modified":"2024-12-09T14:29:09","modified_gmt":"2024-12-09T11:29:09","slug":"ornamental-fantasy-sword-damask-effect-zs641","status":"publish","type":"product","link":"https:\/\/kingarms.ee\/lt\/product\/ornamental-fantasy-sword-damask-effect-zs641\/","title":{"rendered":"Dekoratyvinis fantazijos kard\u0173 damasko efektas (ZS641)"},"content":{"rendered":"<p>Dekoratyvinis fantazijos kard\u0173 damasko efektas (ZS641)<\/p>\n<p>Dekoratyvinis fantazijos kardas<br \/>\n\u012ekv\u0117ptas Jono Snowo Longclawo kard\u0173<br \/>\nSost\u0173 \u017eaidim\u0173 serija<br \/>\nA\u0161menys su damasko efektu<br \/>\nMetalin\u0117 ir plastikin\u0117 pakaba<br \/>\nMedienos atrama, kuri\u0105 galima pritvirtinti prie sienos<br \/>\nBendras ilgis 1070 mm<br \/>\nA\u0161men\u0173 ilgis 820 mm<br \/>\nSvoris 1560G<\/p>\n<p>Ne a\u0161triau ir nery\u0161kus a\u0161menis<br \/>\nPrie\u0161 pirkdami patikrinkite savo \u0161alies reglament\u0105<\/p>\n","protected":false},"excerpt":{"rendered":"<p>Dekoratyvinis fantazijos kard\u0173 damasko efektas (ZS641) Dekoratyvinis fantazijos kardas \u012ekv\u0117ptas Jono Snowo Longclawo kard\u0173 Sost\u0173 \u017eaidim\u0173 serija A\u0161menys su damasko<\/p>\n","protected":false},"featured_media":139531,"template":"","meta":{"_acf_changed":false},"product_brand":[],"product_cat":[1312,1247],"product_tag":[],"class_list":{"0":"post-141280","1":"product","2":"type-product","3":"status-publish","4":"has-post-thumbnail","6":"product_cat-kardai","7":"product_cat-kita","9":"first","10":"instock","11":"purchasable","12":"product-type-simple"},"acf":[],"_links":{"self":[{"href":"https:\/\/kingarms.ee\/lt\/wp-json\/wp\/v2\/product\/141280","targetHints":{"allow":["GET"]}}],"collection":[{"href":"https:\/\/kingarms.ee\/lt\/wp-json\/wp\/v2\/product"}],"about":[{"href":"https:\/\/kingarms.ee\/lt\/wp-json\/wp\/v2\/types\/product"}],"wp:featuredmedia":[{"embeddable":true,"href":"https:\/\/kingarms.ee\/lt\/wp-json\/wp\/v2\/media\/139531"}],"wp:attachment":[{"href":"https:\/\/kingarms.ee\/lt\/wp-json\/wp\/v2\/media?parent=141280"}],"wp:term":[{"taxonomy":"product_brand","embeddable":true,"href":"https:\/\/kingarms.ee\/lt\/wp-json\/wp\/v2\/product_brand?post=141280"},{"taxonomy":"product_cat","embeddable":true,"href":"https:\/\/kingarms.ee\/lt\/wp-json\/wp\/v2\/product_cat?post=141280"},{"taxonomy":"product_tag","embeddable":true,"href":"https:\/\/kingarms.ee\/lt\/wp-json\/wp\/v2\/product_tag?post=141280"}],"curies":[{"name":"wp","href":"https:\/\/api.w.org\/{rel}","templated":true}]}}